{"id":57787,"date":"2025-11-10T21:15:16","date_gmt":"2025-11-10T20:15:16","guid":{"rendered":"https:\/\/www.ernstbrunn-apotheke.at\/katalog\/produkt\/dallmanns-islaendisch-moos-hustenbonbons-37-g\/"},"modified":"2025-12-08T17:08:38","modified_gmt":"2025-12-08T16:08:38","slug":"dallmanns-islaendisch-moos-hustenbonbons-37-g","status":"publish","type":"product","link":"https:\/\/www.ernstbrunn-apotheke.at\/katalog\/produkt\/dallmanns-islaendisch-moos-hustenbonbons-37-g\/","title":{"rendered":"Dallmanns Isl\u00e4ndisch Moos Hustenbonbons 37 g"},"content":{"rendered":"<p>Dallmann&#8217;s Isl\u00e4ndisch Moos Hustenbonbon enthalten 2,5% des bew\u00e4hrten Extraktes von Isl\u00e4ndisch Moos. Es ist angenehm und mild im Geschmack, legt sich wie Film auf Hals- und Rachenbereich und wirkt somit schnell und effektiv gegen hartn\u00e4ckigen Husten.<\/p>\n","protected":false},"excerpt":{"rendered":"<p>Dallmann&#8217;s Isl\u00e4ndisch Moos Hustenbonbon enthalten 2,5% des bew\u00e4hrten Extraktes von Isl\u00e4ndisch Moos. Es ist angenehm und mild im Geschmack, legt sich wie Film auf Hals- und Rachenbereich und wirkt somit schnell und effektiv gegen hartn\u00e4ckigen Husten.<\/p>\n","protected":false},"featured_media":57789,"template":"","meta":{"_acf_changed":false},"product_brand":[],"product_cat":[792],"product_tag":[],"class_list":{"0":"post-57787","1":"product","2":"type-product","3":"status-publish","4":"has-post-thumbnail","6":"product_cat-d","7":"pa_packungsgroesse-37g","9":"first","10":"instock","11":"shipping-taxable","12":"purchasable","13":"product-type-simple"},"acf":[],"_links":{"self":[{"href":"https:\/\/www.ernstbrunn-apotheke.at\/katalog\/wp-json\/wp\/v2\/product\/57787","targetHints":{"allow":["GET"]}}],"collection":[{"href":"https:\/\/www.ernstbrunn-apotheke.at\/katalog\/wp-json\/wp\/v2\/product"}],"about":[{"href":"https:\/\/www.ernstbrunn-apotheke.at\/katalog\/wp-json\/wp\/v2\/types\/product"}],"wp:featuredmedia":[{"embeddable":true,"href":"https:\/\/www.ernstbrunn-apotheke.at\/katalog\/wp-json\/wp\/v2\/media\/57789"}],"wp:attachment":[{"href":"https:\/\/www.ernstbrunn-apotheke.at\/katalog\/wp-json\/wp\/v2\/media?parent=57787"}],"wp:term":[{"taxonomy":"product_brand","embeddable":true,"href":"https:\/\/www.ernstbrunn-apotheke.at\/katalog\/wp-json\/wp\/v2\/product_brand?post=57787"},{"taxonomy":"product_cat","embeddable":true,"href":"https:\/\/www.ernstbrunn-apotheke.at\/katalog\/wp-json\/wp\/v2\/product_cat?post=57787"},{"taxonomy":"product_tag","embeddable":true,"href":"https:\/\/www.ernstbrunn-apotheke.at\/katalog\/wp-json\/wp\/v2\/product_tag?post=57787"}],"curies":[{"name":"wp","href":"https:\/\/api.w.org\/{rel}","templated":true}]}}