{"id":57772,"date":"2025-11-10T21:14:47","date_gmt":"2025-11-10T20:14:47","guid":{"rendered":"https:\/\/www.ernstbrunn-apotheke.at\/katalog\/produkt\/alpenland-grosse-fruchtsaftbaeren-gemischt-150-g\/"},"modified":"2025-12-08T17:08:34","modified_gmt":"2025-12-08T16:08:34","slug":"alpenland-grosse-fruchtsaftbaeren-gemischt-150-g","status":"publish","type":"product","link":"https:\/\/www.ernstbrunn-apotheke.at\/katalog\/produkt\/alpenland-grosse-fruchtsaftbaeren-gemischt-150-g\/","title":{"rendered":"Alpenland Gro\u00dfe Fruchtsaftb\u00e4ren Gemischt 150 g"},"content":{"rendered":"<p>Alpenland Gro\u00dfe Fruchtsaftb\u00e4ren Gemischt bieten ein au\u00dfergew\u00f6hnliches Geschmackserlebnis, welches generations\u00fcbergreifend gro\u00dfe und kleine Genie\u00dfer erreicht.<\/p>\n","protected":false},"excerpt":{"rendered":"<p>Alpenland Gro\u00dfe Fruchtsaftb\u00e4ren Gemischt bieten ein au\u00dfergew\u00f6hnliches Geschmackserlebnis, welches generations\u00fcbergreifend gro\u00dfe und kleine Genie\u00dfer erreicht.<\/p>\n","protected":false},"featured_media":57774,"template":"","meta":{"_acf_changed":false},"product_brand":[],"product_cat":[801],"product_tag":[],"class_list":{"0":"post-57772","1":"product","2":"type-product","3":"status-publish","4":"has-post-thumbnail","6":"product_cat-a","7":"pa_packungsgroesse-150g","9":"first","10":"instock","11":"shipping-taxable","12":"purchasable","13":"product-type-simple"},"acf":[],"_links":{"self":[{"href":"https:\/\/www.ernstbrunn-apotheke.at\/katalog\/wp-json\/wp\/v2\/product\/57772","targetHints":{"allow":["GET"]}}],"collection":[{"href":"https:\/\/www.ernstbrunn-apotheke.at\/katalog\/wp-json\/wp\/v2\/product"}],"about":[{"href":"https:\/\/www.ernstbrunn-apotheke.at\/katalog\/wp-json\/wp\/v2\/types\/product"}],"wp:featuredmedia":[{"embeddable":true,"href":"https:\/\/www.ernstbrunn-apotheke.at\/katalog\/wp-json\/wp\/v2\/media\/57774"}],"wp:attachment":[{"href":"https:\/\/www.ernstbrunn-apotheke.at\/katalog\/wp-json\/wp\/v2\/media?parent=57772"}],"wp:term":[{"taxonomy":"product_brand","embeddable":true,"href":"https:\/\/www.ernstbrunn-apotheke.at\/katalog\/wp-json\/wp\/v2\/product_brand?post=57772"},{"taxonomy":"product_cat","embeddable":true,"href":"https:\/\/www.ernstbrunn-apotheke.at\/katalog\/wp-json\/wp\/v2\/product_cat?post=57772"},{"taxonomy":"product_tag","embeddable":true,"href":"https:\/\/www.ernstbrunn-apotheke.at\/katalog\/wp-json\/wp\/v2\/product_tag?post=57772"}],"curies":[{"name":"wp","href":"https:\/\/api.w.org\/{rel}","templated":true}]}}