{"id":57749,"date":"2025-11-10T21:14:47","date_gmt":"2025-11-10T20:14:47","guid":{"rendered":"https:\/\/www.ernstbrunn-apotheke.at\/katalog\/produkt\/apremia-vitamin-b-komplex-kapseln-30-stk\/"},"modified":"2025-12-08T17:08:28","modified_gmt":"2025-12-08T16:08:28","slug":"apremia-vitamin-b-komplex-kapseln-30-stk","status":"publish","type":"product","link":"https:\/\/www.ernstbrunn-apotheke.at\/katalog\/produkt\/apremia-vitamin-b-komplex-kapseln-30-stk\/","title":{"rendered":"Apremia Vitamin B-Komplex Kapseln 30 Stk."},"content":{"rendered":"<p>Apremia Vitamin B-Komplex Kapseln enthalten zus\u00e4tzlich zu den acht Vitaminen der Gruppe B noch Inositol und Cholin. Der Komplex tr\u00e4gt unter anderem zu einer normalen Funktion des Nerven- und Immunsystems, sowie zur Verringerung von M\u00fcdigkeit und Erm\u00fcdung bei.<\/p>\n","protected":false},"excerpt":{"rendered":"<p>Apremia Vitamin B-Komplex Kapseln enthalten zus\u00e4tzlich zu den acht Vitaminen der Gruppe B noch Inositol und Cholin. Der Komplex tr\u00e4gt unter anderem zu einer normalen Funktion des Nerven- und Immunsystems, sowie zur Verringerung von M\u00fcdigkeit und Erm\u00fcdung bei.<\/p>\n","protected":false},"featured_media":57751,"template":"","meta":{"_acf_changed":false},"product_brand":[432],"product_cat":[801],"product_tag":[],"class_list":{"0":"post-57749","1":"product","2":"type-product","3":"status-publish","4":"has-post-thumbnail","6":"product_brand-apremia","7":"product_cat-a","8":"pa_packungsgroesse-30-stueck","10":"first","11":"instock","12":"shipping-taxable","13":"purchasable","14":"product-type-simple"},"acf":[],"_links":{"self":[{"href":"https:\/\/www.ernstbrunn-apotheke.at\/katalog\/wp-json\/wp\/v2\/product\/57749","targetHints":{"allow":["GET"]}}],"collection":[{"href":"https:\/\/www.ernstbrunn-apotheke.at\/katalog\/wp-json\/wp\/v2\/product"}],"about":[{"href":"https:\/\/www.ernstbrunn-apotheke.at\/katalog\/wp-json\/wp\/v2\/types\/product"}],"wp:featuredmedia":[{"embeddable":true,"href":"https:\/\/www.ernstbrunn-apotheke.at\/katalog\/wp-json\/wp\/v2\/media\/57751"}],"wp:attachment":[{"href":"https:\/\/www.ernstbrunn-apotheke.at\/katalog\/wp-json\/wp\/v2\/media?parent=57749"}],"wp:term":[{"taxonomy":"product_brand","embeddable":true,"href":"https:\/\/www.ernstbrunn-apotheke.at\/katalog\/wp-json\/wp\/v2\/product_brand?post=57749"},{"taxonomy":"product_cat","embeddable":true,"href":"https:\/\/www.ernstbrunn-apotheke.at\/katalog\/wp-json\/wp\/v2\/product_cat?post=57749"},{"taxonomy":"product_tag","embeddable":true,"href":"https:\/\/www.ernstbrunn-apotheke.at\/katalog\/wp-json\/wp\/v2\/product_tag?post=57749"}],"curies":[{"name":"wp","href":"https:\/\/api.w.org\/{rel}","templated":true}]}}