{"id":57650,"date":"2025-11-10T21:13:03","date_gmt":"2025-11-10T20:13:03","guid":{"rendered":"https:\/\/www.ernstbrunn-apotheke.at\/katalog\/produkt\/apofit-fruchtsaftbaeren-150-g\/"},"modified":"2025-12-08T17:07:59","modified_gmt":"2025-12-08T16:07:59","slug":"apofit-fruchtsaftbaeren-150-g","status":"publish","type":"product","link":"https:\/\/www.ernstbrunn-apotheke.at\/katalog\/produkt\/apofit-fruchtsaftbaeren-150-g\/","title":{"rendered":"Apofit Fruchtsaftb\u00e4ren 150 g"},"content":{"rendered":"<p>Apofit Fruchtsaftb\u00e4ren enthalten wertvolles Vitamin C und sind eine Mischung aus 12 verschiedenen Geschmacksrichtungen. Diese B\u00e4rchen bilden eine gesunde Alternative zu vielen anderen S\u00fc\u00dfigkeiten &#8211; dieses und viele weitere Produkte k\u00f6nnen Sie jederzeit online bestellen!<\/p>\n","protected":false},"excerpt":{"rendered":"<p>Apofit Fruchtsaftb\u00e4ren enthalten wertvolles Vitamin C und sind eine Mischung aus 12 verschiedenen Geschmacksrichtungen. Diese B\u00e4rchen bilden eine gesunde Alternative zu vielen anderen S\u00fc\u00dfigkeiten &#8211; dieses und viele weitere Produkte k\u00f6nnen Sie jederzeit online bestellen!<\/p>\n","protected":false},"featured_media":57652,"template":"","meta":{"_acf_changed":false},"product_brand":[584],"product_cat":[801],"product_tag":[],"class_list":{"0":"post-57650","1":"product","2":"type-product","3":"status-publish","4":"has-post-thumbnail","6":"product_brand-apofit","7":"product_cat-a","8":"pa_packungsgroesse-150g","10":"first","11":"instock","12":"shipping-taxable","13":"purchasable","14":"product-type-simple"},"acf":[],"_links":{"self":[{"href":"https:\/\/www.ernstbrunn-apotheke.at\/katalog\/wp-json\/wp\/v2\/product\/57650","targetHints":{"allow":["GET"]}}],"collection":[{"href":"https:\/\/www.ernstbrunn-apotheke.at\/katalog\/wp-json\/wp\/v2\/product"}],"about":[{"href":"https:\/\/www.ernstbrunn-apotheke.at\/katalog\/wp-json\/wp\/v2\/types\/product"}],"wp:featuredmedia":[{"embeddable":true,"href":"https:\/\/www.ernstbrunn-apotheke.at\/katalog\/wp-json\/wp\/v2\/media\/57652"}],"wp:attachment":[{"href":"https:\/\/www.ernstbrunn-apotheke.at\/katalog\/wp-json\/wp\/v2\/media?parent=57650"}],"wp:term":[{"taxonomy":"product_brand","embeddable":true,"href":"https:\/\/www.ernstbrunn-apotheke.at\/katalog\/wp-json\/wp\/v2\/product_brand?post=57650"},{"taxonomy":"product_cat","embeddable":true,"href":"https:\/\/www.ernstbrunn-apotheke.at\/katalog\/wp-json\/wp\/v2\/product_cat?post=57650"},{"taxonomy":"product_tag","embeddable":true,"href":"https:\/\/www.ernstbrunn-apotheke.at\/katalog\/wp-json\/wp\/v2\/product_tag?post=57650"}],"curies":[{"name":"wp","href":"https:\/\/api.w.org\/{rel}","templated":true}]}}