{"id":57622,"date":"2025-11-10T21:12:06","date_gmt":"2025-11-10T20:12:06","guid":{"rendered":"https:\/\/www.ernstbrunn-apotheke.at\/katalog\/produkt\/pulmoll-bonbons-ohne-zucker-50-g-eukalyptus-menthol\/"},"modified":"2025-12-08T17:07:49","modified_gmt":"2025-12-08T16:07:49","slug":"pulmoll-bonbons-ohne-zucker-50-g-eukalyptus-menthol","status":"publish","type":"product","link":"https:\/\/www.ernstbrunn-apotheke.at\/katalog\/produkt\/pulmoll-bonbons-ohne-zucker-50-g-eukalyptus-menthol\/","title":{"rendered":"Pulmoll Bonbons ohne Zucker 50 g Eukalyptus-Menthol"},"content":{"rendered":"<p>Pulmoll Bonbons Eukalyptus-Menthol zuckerfrei sind mit Stevia ges\u00fc\u00dft und zahnfreundlich. Sie enthalten Eukalyptus\u00f6l und Menthol, welches erfrischt und befreit. Durch ihren Menthol-Gehalt sorgen Pulmoll Bonbons f\u00fcr einen wohltuenden Genuss..<\/p>\n","protected":false},"excerpt":{"rendered":"<p>Pulmoll Bonbons Eukalyptus-Menthol zuckerfrei sind mit Stevia ges\u00fc\u00dft und zahnfreundlich. Sie enthalten Eukalyptus\u00f6l und Menthol, welches erfrischt und befreit. Durch ihren Menthol-Gehalt sorgen Pulmoll Bonbons f\u00fcr einen wohltuenden Genuss..<\/p>\n","protected":false},"featured_media":57624,"template":"","meta":{"_acf_changed":false},"product_brand":[],"product_cat":[793],"product_tag":[],"class_list":{"0":"post-57622","1":"product","2":"type-product","3":"status-publish","4":"has-post-thumbnail","6":"product_cat-p","7":"pa_packungsgroesse-50g","9":"first","10":"instock","11":"shipping-taxable","12":"purchasable","13":"product-type-simple"},"acf":[],"_links":{"self":[{"href":"https:\/\/www.ernstbrunn-apotheke.at\/katalog\/wp-json\/wp\/v2\/product\/57622","targetHints":{"allow":["GET"]}}],"collection":[{"href":"https:\/\/www.ernstbrunn-apotheke.at\/katalog\/wp-json\/wp\/v2\/product"}],"about":[{"href":"https:\/\/www.ernstbrunn-apotheke.at\/katalog\/wp-json\/wp\/v2\/types\/product"}],"wp:featuredmedia":[{"embeddable":true,"href":"https:\/\/www.ernstbrunn-apotheke.at\/katalog\/wp-json\/wp\/v2\/media\/57624"}],"wp:attachment":[{"href":"https:\/\/www.ernstbrunn-apotheke.at\/katalog\/wp-json\/wp\/v2\/media?parent=57622"}],"wp:term":[{"taxonomy":"product_brand","embeddable":true,"href":"https:\/\/www.ernstbrunn-apotheke.at\/katalog\/wp-json\/wp\/v2\/product_brand?post=57622"},{"taxonomy":"product_cat","embeddable":true,"href":"https:\/\/www.ernstbrunn-apotheke.at\/katalog\/wp-json\/wp\/v2\/product_cat?post=57622"},{"taxonomy":"product_tag","embeddable":true,"href":"https:\/\/www.ernstbrunn-apotheke.at\/katalog\/wp-json\/wp\/v2\/product_tag?post=57622"}],"curies":[{"name":"wp","href":"https:\/\/api.w.org\/{rel}","templated":true}]}}