{"id":57609,"date":"2025-11-10T21:12:06","date_gmt":"2025-11-10T20:12:06","guid":{"rendered":"https:\/\/www.ernstbrunn-apotheke.at\/katalog\/produkt\/nicapur-greenergy-365-kapseln-60-stk\/"},"modified":"2025-12-08T17:07:46","modified_gmt":"2025-12-08T16:07:46","slug":"nicapur-greenergy-365-kapseln-60-stk","status":"publish","type":"product","link":"https:\/\/www.ernstbrunn-apotheke.at\/katalog\/produkt\/nicapur-greenergy-365-kapseln-60-stk\/","title":{"rendered":"Nicapur Greenergy 365 Kapseln 60 Stk."},"content":{"rendered":"<p>Nicapur\u00ae &#8211; Mikron\u00e4hrstoffe made in Austria. Das stetig anwachsende Produktsortiment erm\u00f6glicht den Einsatz von Mikron\u00e4hrstoffen in der Pr\u00e4vention, die ern\u00e4hrungsphysiologische Unterst\u00fctzung in der Orthomolekular- und Ern\u00e4hrungsmedizin sowie die Therapiebegleitung zur Reduktion von Arzneimitteldosen und -nebenwirkungen. Nicapur\u00ae-Pr\u00e4parate enthalten Ihrer Gesundheit zuliebe nur die reinen Wirksubstanzen. Diese werden prim\u00e4r in ungef\u00e4rbte vegetarische pflanzliche Kapselh\u00fcllen (Vcaps\u00ae) gef\u00fcllt, wodurch Zusatzstoffe wie sie beispielsweise bei der Herstellung von Tabletten und Presslingen ben\u00f6tigt werden, wegfallen.<\/p>\n","protected":false},"excerpt":{"rendered":"<p>Nicapur\u00ae &#8211; Mikron\u00e4hrstoffe made in Austria. Das stetig anwachsende Produktsortiment erm\u00f6glicht den Einsatz von Mikron\u00e4hrstoffen in der Pr\u00e4vention, die ern\u00e4hrungsphysiologische Unterst\u00fctzung in der Orthomolekular- und Ern\u00e4hrungsmedizin sowie die Therapiebegleitung zur Reduktion von Arzneimitteldosen und -nebenwirkungen. Nicapur\u00ae-Pr\u00e4parate enthalten Ihrer Gesundheit zuliebe nur die reinen Wirksubstanzen. Diese werden prim\u00e4r in ungef\u00e4rbte vegetarische pflanzliche Kapselh\u00fcllen (Vcaps\u00ae) gef\u00fcllt, wodurch [&hellip;]<\/p>\n","protected":false},"featured_media":57611,"template":"","meta":{"_acf_changed":false},"product_brand":[352],"product_cat":[797],"product_tag":[],"class_list":{"0":"post-57609","1":"product","2":"type-product","3":"status-publish","4":"has-post-thumbnail","6":"product_brand-nicapur","7":"product_cat-n","8":"pa_packungsgroesse-60-stueck","10":"first","11":"instock","12":"shipping-taxable","13":"purchasable","14":"product-type-simple"},"acf":[],"_links":{"self":[{"href":"https:\/\/www.ernstbrunn-apotheke.at\/katalog\/wp-json\/wp\/v2\/product\/57609","targetHints":{"allow":["GET"]}}],"collection":[{"href":"https:\/\/www.ernstbrunn-apotheke.at\/katalog\/wp-json\/wp\/v2\/product"}],"about":[{"href":"https:\/\/www.ernstbrunn-apotheke.at\/katalog\/wp-json\/wp\/v2\/types\/product"}],"wp:featuredmedia":[{"embeddable":true,"href":"https:\/\/www.ernstbrunn-apotheke.at\/katalog\/wp-json\/wp\/v2\/media\/57611"}],"wp:attachment":[{"href":"https:\/\/www.ernstbrunn-apotheke.at\/katalog\/wp-json\/wp\/v2\/media?parent=57609"}],"wp:term":[{"taxonomy":"product_brand","embeddable":true,"href":"https:\/\/www.ernstbrunn-apotheke.at\/katalog\/wp-json\/wp\/v2\/product_brand?post=57609"},{"taxonomy":"product_cat","embeddable":true,"href":"https:\/\/www.ernstbrunn-apotheke.at\/katalog\/wp-json\/wp\/v2\/product_cat?post=57609"},{"taxonomy":"product_tag","embeddable":true,"href":"https:\/\/www.ernstbrunn-apotheke.at\/katalog\/wp-json\/wp\/v2\/product_tag?post=57609"}],"curies":[{"name":"wp","href":"https:\/\/api.w.org\/{rel}","templated":true}]}}