{"id":57599,"date":"2025-11-10T21:12:06","date_gmt":"2025-11-10T20:12:06","guid":{"rendered":"https:\/\/www.ernstbrunn-apotheke.at\/katalog\/produkt\/nicapur-vitamin-k2-d3-kapseln-60-stk\/"},"modified":"2025-12-08T17:07:45","modified_gmt":"2025-12-08T16:07:45","slug":"nicapur-vitamin-k2-d3-kapseln-60-stk","status":"publish","type":"product","link":"https:\/\/www.ernstbrunn-apotheke.at\/katalog\/produkt\/nicapur-vitamin-k2-d3-kapseln-60-stk\/","title":{"rendered":"Nicapur Vitamin K2 &#038; D3 Kapseln 60 Stk."},"content":{"rendered":"<p>Nicapur Vitamin K2 &#038; D3 Kapseln ist ein Nahrungserg\u00e4nzungsmittel f\u00fcr Knochen und Muskeln. Die Vitamine K2 und D3 sind im K\u00f6rper Partner f\u00fcr einen normalen Knochenstoffwechsel. Das durch die Nahrung aufgenommene Calcium kann durch Vitamin D3 im K\u00f6rper optimal aufgenommen werden. Magnesium rundet mit den Vitaminen K2 und D3 die physiologische Partnerschaft zur Erhaltung der Knochen ideal ab. Vitamin K tr\u00e4gt au\u00dferdem zu einer normalen Blutgerinnung bei. Durch Vitamin D3 aus pflanzlicher Quelle ist es ideal geeignet f\u00fcr Vegetarier und Veganer.<\/p>\n","protected":false},"excerpt":{"rendered":"<p>Nicapur Vitamin K2 &#038; D3 Kapseln ist ein Nahrungserg\u00e4nzungsmittel f\u00fcr Knochen und Muskeln. Die Vitamine K2 und D3 sind im K\u00f6rper Partner f\u00fcr einen normalen Knochenstoffwechsel. Das durch die Nahrung aufgenommene Calcium kann durch Vitamin D3 im K\u00f6rper optimal aufgenommen werden. Magnesium rundet mit den Vitaminen K2 und D3 die physiologische Partnerschaft zur Erhaltung der [&hellip;]<\/p>\n","protected":false},"featured_media":57601,"template":"","meta":{"_acf_changed":false},"product_brand":[352],"product_cat":[797],"product_tag":[],"class_list":{"0":"post-57599","1":"product","2":"type-product","3":"status-publish","4":"has-post-thumbnail","6":"product_brand-nicapur","7":"product_cat-n","8":"pa_packungsgroesse-60-stueck","10":"first","11":"instock","12":"shipping-taxable","13":"purchasable","14":"product-type-simple"},"acf":[],"_links":{"self":[{"href":"https:\/\/www.ernstbrunn-apotheke.at\/katalog\/wp-json\/wp\/v2\/product\/57599","targetHints":{"allow":["GET"]}}],"collection":[{"href":"https:\/\/www.ernstbrunn-apotheke.at\/katalog\/wp-json\/wp\/v2\/product"}],"about":[{"href":"https:\/\/www.ernstbrunn-apotheke.at\/katalog\/wp-json\/wp\/v2\/types\/product"}],"wp:featuredmedia":[{"embeddable":true,"href":"https:\/\/www.ernstbrunn-apotheke.at\/katalog\/wp-json\/wp\/v2\/media\/57601"}],"wp:attachment":[{"href":"https:\/\/www.ernstbrunn-apotheke.at\/katalog\/wp-json\/wp\/v2\/media?parent=57599"}],"wp:term":[{"taxonomy":"product_brand","embeddable":true,"href":"https:\/\/www.ernstbrunn-apotheke.at\/katalog\/wp-json\/wp\/v2\/product_brand?post=57599"},{"taxonomy":"product_cat","embeddable":true,"href":"https:\/\/www.ernstbrunn-apotheke.at\/katalog\/wp-json\/wp\/v2\/product_cat?post=57599"},{"taxonomy":"product_tag","embeddable":true,"href":"https:\/\/www.ernstbrunn-apotheke.at\/katalog\/wp-json\/wp\/v2\/product_tag?post=57599"}],"curies":[{"name":"wp","href":"https:\/\/api.w.org\/{rel}","templated":true}]}}