{"id":57524,"date":"2025-11-10T21:10:19","date_gmt":"2025-11-10T20:10:19","guid":{"rendered":"https:\/\/www.ernstbrunn-apotheke.at\/katalog\/produkt\/la-roche-posay-effaclar-duo-unifiant-hell-40-ml\/"},"modified":"2025-12-08T17:07:26","modified_gmt":"2025-12-08T16:07:26","slug":"la-roche-posay-effaclar-duo-unifiant-hell-40-ml","status":"publish","type":"product","link":"https:\/\/www.ernstbrunn-apotheke.at\/katalog\/produkt\/la-roche-posay-effaclar-duo-unifiant-hell-40-ml\/","title":{"rendered":"La Roche-Posay Effaclar Duo (+) Unifiant Hell 40 ml"},"content":{"rendered":"<p>La Roche Posay Effaclar Duo ist eine ganzheitliche L\u00f6sung f\u00fcr unreine Haut. Die Pflege bek\u00e4mpft starke Unreinheiten, Pickel und Mitesser und befreit zudem verstopfte Poren. Dar\u00fcber hinaus wirkt sie gegen die Entstehung roter und brauner Pickelmale durch Unreinheiten, verfeinert das Hautbild und wirkt anti-bakteriell -.<\/p>\n","protected":false},"excerpt":{"rendered":"<p>La Roche Posay Effaclar Duo ist eine ganzheitliche L\u00f6sung f\u00fcr unreine Haut. Die Pflege bek\u00e4mpft starke Unreinheiten, Pickel und Mitesser und befreit zudem verstopfte Poren. Dar\u00fcber hinaus wirkt sie gegen die Entstehung roter und brauner Pickelmale durch Unreinheiten, verfeinert das Hautbild und wirkt anti-bakteriell -.<\/p>\n","protected":false},"featured_media":57526,"template":"","meta":{"_acf_changed":false},"product_brand":[677],"product_cat":[795],"product_tag":[],"class_list":{"0":"post-57524","1":"product","2":"type-product","3":"status-publish","4":"has-post-thumbnail","6":"product_brand-la-roche-posay","7":"product_cat-l","8":"pa_packungsgroesse-40ml","10":"first","11":"instock","12":"shipping-taxable","13":"purchasable","14":"product-type-simple"},"acf":[],"_links":{"self":[{"href":"https:\/\/www.ernstbrunn-apotheke.at\/katalog\/wp-json\/wp\/v2\/product\/57524","targetHints":{"allow":["GET"]}}],"collection":[{"href":"https:\/\/www.ernstbrunn-apotheke.at\/katalog\/wp-json\/wp\/v2\/product"}],"about":[{"href":"https:\/\/www.ernstbrunn-apotheke.at\/katalog\/wp-json\/wp\/v2\/types\/product"}],"wp:featuredmedia":[{"embeddable":true,"href":"https:\/\/www.ernstbrunn-apotheke.at\/katalog\/wp-json\/wp\/v2\/media\/57526"}],"wp:attachment":[{"href":"https:\/\/www.ernstbrunn-apotheke.at\/katalog\/wp-json\/wp\/v2\/media?parent=57524"}],"wp:term":[{"taxonomy":"product_brand","embeddable":true,"href":"https:\/\/www.ernstbrunn-apotheke.at\/katalog\/wp-json\/wp\/v2\/product_brand?post=57524"},{"taxonomy":"product_cat","embeddable":true,"href":"https:\/\/www.ernstbrunn-apotheke.at\/katalog\/wp-json\/wp\/v2\/product_cat?post=57524"},{"taxonomy":"product_tag","embeddable":true,"href":"https:\/\/www.ernstbrunn-apotheke.at\/katalog\/wp-json\/wp\/v2\/product_tag?post=57524"}],"curies":[{"name":"wp","href":"https:\/\/api.w.org\/{rel}","templated":true}]}}