{"id":57472,"date":"2025-11-10T21:09:12","date_gmt":"2025-11-10T20:09:12","guid":{"rendered":"https:\/\/www.ernstbrunn-apotheke.at\/katalog\/produkt\/nicapur-kapseln-mehrwert-magnesium-60-stk\/"},"modified":"2025-12-08T17:07:13","modified_gmt":"2025-12-08T16:07:13","slug":"nicapur-kapseln-mehrwert-magnesium-60-stk","status":"publish","type":"product","link":"https:\/\/www.ernstbrunn-apotheke.at\/katalog\/produkt\/nicapur-kapseln-mehrwert-magnesium-60-stk\/","title":{"rendered":"Nicapur Kapseln Mehrwert-Magnesium 60 Stk."},"content":{"rendered":"<p>Der Mineralstoff Magnesium liegt im NICApur Mehrwert-Magnesium\u00ae in sechs organischen und anorganischen Verbindungen vor. Durch diese besondere, ideal abgestimmte Mischung wird eine gute Magnesiumversorgung erzielt. F\u00fcr \u201eMehrwert\u201c sorgt neben dem Mix aus sechs verschiedenen Magnesiumverbindungen auch die Kombi-Formel mit Vitamin D und B6. Das Nahrungserg\u00e4nzungsmittel unterst\u00fctzt den normalen Energiestoffwechsel sowie die normale Funktion des Nervensystems, der Muskeln und der Psyche. Zudem verringert es M\u00fcdigkeit und Ersch\u00f6pfungszust\u00e4nde und f\u00f6rdert das Elektrolytgleichgewicht im K\u00f6rper<\/p>\n","protected":false},"excerpt":{"rendered":"<p>Der Mineralstoff Magnesium liegt im NICApur Mehrwert-Magnesium\u00ae in sechs organischen und anorganischen Verbindungen vor. Durch diese besondere, ideal abgestimmte Mischung wird eine gute Magnesiumversorgung erzielt. F\u00fcr \u201eMehrwert\u201c sorgt neben dem Mix aus sechs verschiedenen Magnesiumverbindungen auch die Kombi-Formel mit Vitamin D und B6. Das Nahrungserg\u00e4nzungsmittel unterst\u00fctzt den normalen Energiestoffwechsel sowie die normale Funktion des Nervensystems, [&hellip;]<\/p>\n","protected":false},"featured_media":6602,"template":"","meta":{"_acf_changed":false},"product_brand":[352],"product_cat":[797],"product_tag":[],"class_list":{"0":"post-57472","1":"product","2":"type-product","3":"status-publish","4":"has-post-thumbnail","6":"product_brand-nicapur","7":"product_cat-n","8":"pa_packungsgroesse-60-stueck","10":"first","11":"instock","12":"shipping-taxable","13":"purchasable","14":"product-type-simple"},"acf":[],"_links":{"self":[{"href":"https:\/\/www.ernstbrunn-apotheke.at\/katalog\/wp-json\/wp\/v2\/product\/57472","targetHints":{"allow":["GET"]}}],"collection":[{"href":"https:\/\/www.ernstbrunn-apotheke.at\/katalog\/wp-json\/wp\/v2\/product"}],"about":[{"href":"https:\/\/www.ernstbrunn-apotheke.at\/katalog\/wp-json\/wp\/v2\/types\/product"}],"wp:featuredmedia":[{"embeddable":true,"href":"https:\/\/www.ernstbrunn-apotheke.at\/katalog\/wp-json\/wp\/v2\/media\/6602"}],"wp:attachment":[{"href":"https:\/\/www.ernstbrunn-apotheke.at\/katalog\/wp-json\/wp\/v2\/media?parent=57472"}],"wp:term":[{"taxonomy":"product_brand","embeddable":true,"href":"https:\/\/www.ernstbrunn-apotheke.at\/katalog\/wp-json\/wp\/v2\/product_brand?post=57472"},{"taxonomy":"product_cat","embeddable":true,"href":"https:\/\/www.ernstbrunn-apotheke.at\/katalog\/wp-json\/wp\/v2\/product_cat?post=57472"},{"taxonomy":"product_tag","embeddable":true,"href":"https:\/\/www.ernstbrunn-apotheke.at\/katalog\/wp-json\/wp\/v2\/product_tag?post=57472"}],"curies":[{"name":"wp","href":"https:\/\/api.w.org\/{rel}","templated":true}]}}