{"id":57410,"date":"2025-11-10T21:08:06","date_gmt":"2025-11-10T20:08:06","guid":{"rendered":"https:\/\/www.ernstbrunn-apotheke.at\/katalog\/produkt\/dallmanns-hustenbonbons-salbei-dose-46-g\/"},"modified":"2025-12-08T17:06:58","modified_gmt":"2025-12-08T16:06:58","slug":"dallmanns-hustenbonbons-salbei-dose-46-g","status":"publish","type":"product","link":"https:\/\/www.ernstbrunn-apotheke.at\/katalog\/produkt\/dallmanns-hustenbonbons-salbei-dose-46-g\/","title":{"rendered":"Dallmanns Hustenbonbons Salbei Dose 46 g"},"content":{"rendered":"<p>Dallmann&#8217;s Hustenbonbons Salbei verw\u00f6hnen auf sanfte, s\u00e4uerlich erfrischende Art. Der Salbei ist eine sehr vielseitige Pflanze und seit dem fr\u00fchen Altertum als solche bekannt. Angereichert mit Vitamin C und mit dem Extrakt des Salbei sind die diese Bonbons das Mittel erster Wahl bei Husten.<\/p>\n","protected":false},"excerpt":{"rendered":"<p>Dallmann&#8217;s Hustenbonbons Salbei verw\u00f6hnen auf sanfte, s\u00e4uerlich erfrischende Art. Der Salbei ist eine sehr vielseitige Pflanze und seit dem fr\u00fchen Altertum als solche bekannt. Angereichert mit Vitamin C und mit dem Extrakt des Salbei sind die diese Bonbons das Mittel erster Wahl bei Husten.<\/p>\n","protected":false},"featured_media":57412,"template":"","meta":{"_acf_changed":false},"product_brand":[],"product_cat":[792],"product_tag":[],"class_list":{"0":"post-57410","1":"product","2":"type-product","3":"status-publish","4":"has-post-thumbnail","6":"product_cat-d","7":"pa_packungsgroesse-46g","9":"first","10":"instock","11":"shipping-taxable","12":"purchasable","13":"product-type-simple"},"acf":[],"_links":{"self":[{"href":"https:\/\/www.ernstbrunn-apotheke.at\/katalog\/wp-json\/wp\/v2\/product\/57410","targetHints":{"allow":["GET"]}}],"collection":[{"href":"https:\/\/www.ernstbrunn-apotheke.at\/katalog\/wp-json\/wp\/v2\/product"}],"about":[{"href":"https:\/\/www.ernstbrunn-apotheke.at\/katalog\/wp-json\/wp\/v2\/types\/product"}],"wp:featuredmedia":[{"embeddable":true,"href":"https:\/\/www.ernstbrunn-apotheke.at\/katalog\/wp-json\/wp\/v2\/media\/57412"}],"wp:attachment":[{"href":"https:\/\/www.ernstbrunn-apotheke.at\/katalog\/wp-json\/wp\/v2\/media?parent=57410"}],"wp:term":[{"taxonomy":"product_brand","embeddable":true,"href":"https:\/\/www.ernstbrunn-apotheke.at\/katalog\/wp-json\/wp\/v2\/product_brand?post=57410"},{"taxonomy":"product_cat","embeddable":true,"href":"https:\/\/www.ernstbrunn-apotheke.at\/katalog\/wp-json\/wp\/v2\/product_cat?post=57410"},{"taxonomy":"product_tag","embeddable":true,"href":"https:\/\/www.ernstbrunn-apotheke.at\/katalog\/wp-json\/wp\/v2\/product_tag?post=57410"}],"curies":[{"name":"wp","href":"https:\/\/api.w.org\/{rel}","templated":true}]}}