{"id":57375,"date":"2025-11-10T21:07:25","date_gmt":"2025-11-10T20:07:25","guid":{"rendered":"https:\/\/www.ernstbrunn-apotheke.at\/katalog\/produkt\/vichy-dermablend-teint-korrigierendes-make-up-nr-25-nude\/"},"modified":"2025-12-08T17:06:51","modified_gmt":"2025-12-08T16:06:51","slug":"vichy-dermablend-teint-korrigierendes-make-up-nr-25-nude","status":"publish","type":"product","link":"https:\/\/www.ernstbrunn-apotheke.at\/katalog\/produkt\/vichy-dermablend-teint-korrigierendes-make-up-nr-25-nude\/","title":{"rendered":"Vichy DERMABLEND Teint-korrigierendes Make-Up Nr.25 nude"},"content":{"rendered":"<p>VICHY Dermablend Teint-korrigierendes Make-Up 25 Nude ist ideal zum Abdecken von leichten Hautunregelm\u00e4\u00dfigkeiten wie R\u00f6tungen, Mitessern, Augenringen, geplatzten \u00c4derchen oder kleinen Narben.<\/p>\n","protected":false},"excerpt":{"rendered":"<p>VICHY Dermablend Teint-korrigierendes Make-Up 25 Nude ist ideal zum Abdecken von leichten Hautunregelm\u00e4\u00dfigkeiten wie R\u00f6tungen, Mitessern, Augenringen, geplatzten \u00c4derchen oder kleinen Narben.<\/p>\n","protected":false},"featured_media":57377,"template":"","meta":{"_acf_changed":false},"product_brand":[675],"product_cat":[799],"product_tag":[],"class_list":{"0":"post-57375","1":"product","2":"type-product","3":"status-publish","4":"has-post-thumbnail","6":"product_brand-vichy","7":"product_cat-v","8":"pa_farbe-25-nude","9":"pa_farbe-35-sand","10":"pa_packungsgroesse-30ml","12":"first","13":"instock","14":"shipping-taxable","15":"purchasable","16":"product-type-simple"},"acf":[],"_links":{"self":[{"href":"https:\/\/www.ernstbrunn-apotheke.at\/katalog\/wp-json\/wp\/v2\/product\/57375","targetHints":{"allow":["GET"]}}],"collection":[{"href":"https:\/\/www.ernstbrunn-apotheke.at\/katalog\/wp-json\/wp\/v2\/product"}],"about":[{"href":"https:\/\/www.ernstbrunn-apotheke.at\/katalog\/wp-json\/wp\/v2\/types\/product"}],"wp:featuredmedia":[{"embeddable":true,"href":"https:\/\/www.ernstbrunn-apotheke.at\/katalog\/wp-json\/wp\/v2\/media\/57377"}],"wp:attachment":[{"href":"https:\/\/www.ernstbrunn-apotheke.at\/katalog\/wp-json\/wp\/v2\/media?parent=57375"}],"wp:term":[{"taxonomy":"product_brand","embeddable":true,"href":"https:\/\/www.ernstbrunn-apotheke.at\/katalog\/wp-json\/wp\/v2\/product_brand?post=57375"},{"taxonomy":"product_cat","embeddable":true,"href":"https:\/\/www.ernstbrunn-apotheke.at\/katalog\/wp-json\/wp\/v2\/product_cat?post=57375"},{"taxonomy":"product_tag","embeddable":true,"href":"https:\/\/www.ernstbrunn-apotheke.at\/katalog\/wp-json\/wp\/v2\/product_tag?post=57375"}],"curies":[{"name":"wp","href":"https:\/\/api.w.org\/{rel}","templated":true}]}}