{"id":57298,"date":"2025-11-10T21:06:18","date_gmt":"2025-11-10T20:06:18","guid":{"rendered":"https:\/\/www.ernstbrunn-apotheke.at\/katalog\/produkt\/flohsamenschalen-gemahlen-500-g\/"},"modified":"2025-12-08T17:06:33","modified_gmt":"2025-12-08T16:06:33","slug":"flohsamenschalen-gemahlen-500-g","status":"publish","type":"product","link":"https:\/\/www.ernstbrunn-apotheke.at\/katalog\/produkt\/flohsamenschalen-gemahlen-500-g\/","title":{"rendered":"Flohsamenschalen Gemahlen 500 g"},"content":{"rendered":"<p>Flohsamenschalen Gemahlen wurden bereits von Hildegard von Bingen empfohlen, da sie v\u00f6llig neutral und mild sind. Flohsamenschalen eignen sich hervorragend zum Einr\u00fchren in Getr\u00e4nke und zur Zubereitung von Speisen, wie M\u00fcslis, Backwaren, Suppen oder Desserts.<\/p>\n","protected":false},"excerpt":{"rendered":"<p>Flohsamenschalen Gemahlen wurden bereits von Hildegard von Bingen empfohlen, da sie v\u00f6llig neutral und mild sind. Flohsamenschalen eignen sich hervorragend zum Einr\u00fchren in Getr\u00e4nke und zur Zubereitung von Speisen, wie M\u00fcslis, Backwaren, Suppen oder Desserts.<\/p>\n","protected":false},"featured_media":57300,"template":"","meta":{"_acf_changed":false},"product_brand":[],"product_cat":[809],"product_tag":[],"class_list":{"0":"post-57298","1":"product","2":"type-product","3":"status-publish","4":"has-post-thumbnail","6":"product_cat-f","7":"pa_packungsgroesse-500g","9":"first","10":"instock","11":"shipping-taxable","12":"purchasable","13":"product-type-simple"},"acf":[],"_links":{"self":[{"href":"https:\/\/www.ernstbrunn-apotheke.at\/katalog\/wp-json\/wp\/v2\/product\/57298","targetHints":{"allow":["GET"]}}],"collection":[{"href":"https:\/\/www.ernstbrunn-apotheke.at\/katalog\/wp-json\/wp\/v2\/product"}],"about":[{"href":"https:\/\/www.ernstbrunn-apotheke.at\/katalog\/wp-json\/wp\/v2\/types\/product"}],"wp:featuredmedia":[{"embeddable":true,"href":"https:\/\/www.ernstbrunn-apotheke.at\/katalog\/wp-json\/wp\/v2\/media\/57300"}],"wp:attachment":[{"href":"https:\/\/www.ernstbrunn-apotheke.at\/katalog\/wp-json\/wp\/v2\/media?parent=57298"}],"wp:term":[{"taxonomy":"product_brand","embeddable":true,"href":"https:\/\/www.ernstbrunn-apotheke.at\/katalog\/wp-json\/wp\/v2\/product_brand?post=57298"},{"taxonomy":"product_cat","embeddable":true,"href":"https:\/\/www.ernstbrunn-apotheke.at\/katalog\/wp-json\/wp\/v2\/product_cat?post=57298"},{"taxonomy":"product_tag","embeddable":true,"href":"https:\/\/www.ernstbrunn-apotheke.at\/katalog\/wp-json\/wp\/v2\/product_tag?post=57298"}],"curies":[{"name":"wp","href":"https:\/\/api.w.org\/{rel}","templated":true}]}}