{"id":57256,"date":"2025-11-10T21:05:17","date_gmt":"2025-11-10T20:05:17","guid":{"rendered":"https:\/\/www.ernstbrunn-apotheke.at\/katalog\/produkt\/bloc-traubenzucker-fuer-kinder-starke-fruechtchen-75-g\/"},"modified":"2025-12-08T17:06:21","modified_gmt":"2025-12-08T16:06:21","slug":"bloc-traubenzucker-fuer-kinder-starke-fruechtchen-75-g","status":"publish","type":"product","link":"https:\/\/www.ernstbrunn-apotheke.at\/katalog\/produkt\/bloc-traubenzucker-fuer-kinder-starke-fruechtchen-75-g\/","title":{"rendered":"Bloc Traubenzucker f\u00fcr Kinder Starke Fr\u00fcchtchen 75 g"},"content":{"rendered":"<p>Bloc Traubenzucker f\u00fcr Kinder Starke Fr\u00fcchtchen bringt den K\u00f6rper in Topform! Der Traubenzucker ist ein hochwertiger Energiespender und ideal beim Sport, in der Schule, bei der Hausarbeit, im B\u00fcro oder auf Reisen und kommt als kompakte Rolle mit &#8222;Aromatresor&#8220; zu Ihnen nach Hause<\/p>\n","protected":false},"excerpt":{"rendered":"<p>Bloc Traubenzucker f\u00fcr Kinder Starke Fr\u00fcchtchen bringt den K\u00f6rper in Topform! Der Traubenzucker ist ein hochwertiger Energiespender und ideal beim Sport, in der Schule, bei der Hausarbeit, im B\u00fcro oder auf Reisen und kommt als kompakte Rolle mit &#8222;Aromatresor&#8220; zu Ihnen nach Hause<\/p>\n","protected":false},"featured_media":57258,"template":"","meta":{"_acf_changed":false},"product_brand":[1099],"product_cat":[802],"product_tag":[],"class_list":{"0":"post-57256","1":"product","2":"type-product","3":"status-publish","4":"has-post-thumbnail","6":"product_brand-bloc","7":"product_cat-b","8":"pa_packungsgroesse-75g","10":"first","11":"instock","12":"shipping-taxable","13":"purchasable","14":"product-type-simple"},"acf":[],"_links":{"self":[{"href":"https:\/\/www.ernstbrunn-apotheke.at\/katalog\/wp-json\/wp\/v2\/product\/57256","targetHints":{"allow":["GET"]}}],"collection":[{"href":"https:\/\/www.ernstbrunn-apotheke.at\/katalog\/wp-json\/wp\/v2\/product"}],"about":[{"href":"https:\/\/www.ernstbrunn-apotheke.at\/katalog\/wp-json\/wp\/v2\/types\/product"}],"wp:featuredmedia":[{"embeddable":true,"href":"https:\/\/www.ernstbrunn-apotheke.at\/katalog\/wp-json\/wp\/v2\/media\/57258"}],"wp:attachment":[{"href":"https:\/\/www.ernstbrunn-apotheke.at\/katalog\/wp-json\/wp\/v2\/media?parent=57256"}],"wp:term":[{"taxonomy":"product_brand","embeddable":true,"href":"https:\/\/www.ernstbrunn-apotheke.at\/katalog\/wp-json\/wp\/v2\/product_brand?post=57256"},{"taxonomy":"product_cat","embeddable":true,"href":"https:\/\/www.ernstbrunn-apotheke.at\/katalog\/wp-json\/wp\/v2\/product_cat?post=57256"},{"taxonomy":"product_tag","embeddable":true,"href":"https:\/\/www.ernstbrunn-apotheke.at\/katalog\/wp-json\/wp\/v2\/product_tag?post=57256"}],"curies":[{"name":"wp","href":"https:\/\/api.w.org\/{rel}","templated":true}]}}