{"id":57246,"date":"2025-11-10T21:05:17","date_gmt":"2025-11-10T20:05:17","guid":{"rendered":"https:\/\/www.ernstbrunn-apotheke.at\/katalog\/produkt\/nicapur-kapseln-vitamin-b-komplex-60-stk\/"},"modified":"2025-12-08T17:06:20","modified_gmt":"2025-12-08T16:06:20","slug":"nicapur-kapseln-vitamin-b-komplex-60-stk","status":"publish","type":"product","link":"https:\/\/www.ernstbrunn-apotheke.at\/katalog\/produkt\/nicapur-kapseln-vitamin-b-komplex-60-stk\/","title":{"rendered":"Nicapur Kapseln Vitamin B-Komplex 60 Stk."},"content":{"rendered":"<p>Nicapur Vitamin B-Komplex Kapseln &#8211; f\u00fcr Nerven und Psyche! Nicapur Vitamin B-Komplex Kapseln enthalten 8 B-Vitamine in hoher Dosierung f\u00fcr eine gute Versorgung des K\u00f6rpers in Zeiten erh\u00f6hten Bedarfs. Die normale Funktion des Nervensystems wird erhalten und der Energiestoffwechsel unterst\u00fctzt.<\/p>\n","protected":false},"excerpt":{"rendered":"<p>Nicapur Vitamin B-Komplex Kapseln &#8211; f\u00fcr Nerven und Psyche! Nicapur Vitamin B-Komplex Kapseln enthalten 8 B-Vitamine in hoher Dosierung f\u00fcr eine gute Versorgung des K\u00f6rpers in Zeiten erh\u00f6hten Bedarfs. Die normale Funktion des Nervensystems wird erhalten und der Energiestoffwechsel unterst\u00fctzt.<\/p>\n","protected":false},"featured_media":57248,"template":"","meta":{"_acf_changed":false},"product_brand":[352],"product_cat":[797],"product_tag":[],"class_list":{"0":"post-57246","1":"product","2":"type-product","3":"status-publish","4":"has-post-thumbnail","6":"product_brand-nicapur","7":"product_cat-n","8":"pa_packungsgroesse-60-stueck","10":"first","11":"instock","12":"shipping-taxable","13":"purchasable","14":"product-type-simple"},"acf":[],"_links":{"self":[{"href":"https:\/\/www.ernstbrunn-apotheke.at\/katalog\/wp-json\/wp\/v2\/product\/57246","targetHints":{"allow":["GET"]}}],"collection":[{"href":"https:\/\/www.ernstbrunn-apotheke.at\/katalog\/wp-json\/wp\/v2\/product"}],"about":[{"href":"https:\/\/www.ernstbrunn-apotheke.at\/katalog\/wp-json\/wp\/v2\/types\/product"}],"wp:featuredmedia":[{"embeddable":true,"href":"https:\/\/www.ernstbrunn-apotheke.at\/katalog\/wp-json\/wp\/v2\/media\/57248"}],"wp:attachment":[{"href":"https:\/\/www.ernstbrunn-apotheke.at\/katalog\/wp-json\/wp\/v2\/media?parent=57246"}],"wp:term":[{"taxonomy":"product_brand","embeddable":true,"href":"https:\/\/www.ernstbrunn-apotheke.at\/katalog\/wp-json\/wp\/v2\/product_brand?post=57246"},{"taxonomy":"product_cat","embeddable":true,"href":"https:\/\/www.ernstbrunn-apotheke.at\/katalog\/wp-json\/wp\/v2\/product_cat?post=57246"},{"taxonomy":"product_tag","embeddable":true,"href":"https:\/\/www.ernstbrunn-apotheke.at\/katalog\/wp-json\/wp\/v2\/product_tag?post=57246"}],"curies":[{"name":"wp","href":"https:\/\/api.w.org\/{rel}","templated":true}]}}