{"id":57225,"date":"2025-11-10T21:04:52","date_gmt":"2025-11-10T20:04:52","guid":{"rendered":"https:\/\/www.ernstbrunn-apotheke.at\/katalog\/produkt\/grethers-pastillen-elderflower-zuckerfrei-110-g\/"},"modified":"2025-12-08T17:06:12","modified_gmt":"2025-12-08T16:06:12","slug":"grethers-pastillen-elderflower-zuckerfrei-110-g","status":"publish","type":"product","link":"https:\/\/www.ernstbrunn-apotheke.at\/katalog\/produkt\/grethers-pastillen-elderflower-zuckerfrei-110-g\/","title":{"rendered":"Grethers Pastillen Elderflower zuckerfrei 110 g"},"content":{"rendered":"<p>Grethers Pastillen Elderflower zuckerfrei in der 110 g Dose &#8211; der s\u00e4uerlich-fruchtige Genuss mit Extrakten aus Holunderbl\u00fcten und Zitronenmelisse. In Kombination mit naturreinem Apfelsaft sorgen die ausgesuchten Zutaten f\u00fcr ein fr\u00fchlingshaftes Geschmackserlebnis. G\u00f6nnen Sie sich schon bei den ersten Anzeichen von belegter Stimme eine Grether\u2019s Pastille Elderflower und sp\u00fcren Sie die wohltuende Wirkung in Hals und Rachen.<\/p>\n","protected":false},"excerpt":{"rendered":"<p>Grethers Pastillen Elderflower zuckerfrei in der 110 g Dose &#8211; der s\u00e4uerlich-fruchtige Genuss mit Extrakten aus Holunderbl\u00fcten und Zitronenmelisse. In Kombination mit naturreinem Apfelsaft sorgen die ausgesuchten Zutaten f\u00fcr ein fr\u00fchlingshaftes Geschmackserlebnis. G\u00f6nnen Sie sich schon bei den ersten Anzeichen von belegter Stimme eine Grether\u2019s Pastille Elderflower und sp\u00fcren Sie die wohltuende Wirkung in Hals [&hellip;]<\/p>\n","protected":false},"featured_media":57227,"template":"","meta":{"_acf_changed":false},"product_brand":[],"product_cat":[810],"product_tag":[],"class_list":{"0":"post-57225","1":"product","2":"type-product","3":"status-publish","4":"has-post-thumbnail","6":"product_cat-g","7":"pa_packungsgroesse-110g","9":"first","10":"instock","11":"shipping-taxable","12":"purchasable","13":"product-type-simple"},"acf":[],"_links":{"self":[{"href":"https:\/\/www.ernstbrunn-apotheke.at\/katalog\/wp-json\/wp\/v2\/product\/57225","targetHints":{"allow":["GET"]}}],"collection":[{"href":"https:\/\/www.ernstbrunn-apotheke.at\/katalog\/wp-json\/wp\/v2\/product"}],"about":[{"href":"https:\/\/www.ernstbrunn-apotheke.at\/katalog\/wp-json\/wp\/v2\/types\/product"}],"wp:featuredmedia":[{"embeddable":true,"href":"https:\/\/www.ernstbrunn-apotheke.at\/katalog\/wp-json\/wp\/v2\/media\/57227"}],"wp:attachment":[{"href":"https:\/\/www.ernstbrunn-apotheke.at\/katalog\/wp-json\/wp\/v2\/media?parent=57225"}],"wp:term":[{"taxonomy":"product_brand","embeddable":true,"href":"https:\/\/www.ernstbrunn-apotheke.at\/katalog\/wp-json\/wp\/v2\/product_brand?post=57225"},{"taxonomy":"product_cat","embeddable":true,"href":"https:\/\/www.ernstbrunn-apotheke.at\/katalog\/wp-json\/wp\/v2\/product_cat?post=57225"},{"taxonomy":"product_tag","embeddable":true,"href":"https:\/\/www.ernstbrunn-apotheke.at\/katalog\/wp-json\/wp\/v2\/product_tag?post=57225"}],"curies":[{"name":"wp","href":"https:\/\/api.w.org\/{rel}","templated":true}]}}