{"id":57203,"date":"2025-11-10T21:04:32","date_gmt":"2025-11-10T20:04:32","guid":{"rendered":"https:\/\/www.ernstbrunn-apotheke.at\/katalog\/produkt\/grethers-pastillen-redcurrant-zuckerfrei-110-g\/"},"modified":"2025-12-08T17:06:06","modified_gmt":"2025-12-08T16:06:06","slug":"grethers-pastillen-redcurrant-zuckerfrei-110-g","status":"publish","type":"product","link":"https:\/\/www.ernstbrunn-apotheke.at\/katalog\/produkt\/grethers-pastillen-redcurrant-zuckerfrei-110-g\/","title":{"rendered":"Grethers Pastillen Redcurrant zuckerfrei 110 g"},"content":{"rendered":"<p>Grethers Pastillen Redcurrant zuckerfrei in der 110 g Dose mit der frisch-exotischen Komposition aus naturreinen Saft der Roten Johannisbeere, Vitamin C und Passionsfrucht schmecken verf\u00fchrerisch k\u00f6stlich. Genie\u00dfen Sie Grether\u00e2\u20ac\u2122s Pastilles Redcurrant regelm\u00e4\u00dfig bei beanspruchter Stimme und bei beginnenden Beschwerden in Hals und Rachen.<\/p>\n","protected":false},"excerpt":{"rendered":"<p>Grethers Pastillen Redcurrant zuckerfrei in der 110 g Dose mit der frisch-exotischen Komposition aus naturreinen Saft der Roten Johannisbeere, Vitamin C und Passionsfrucht schmecken verf\u00fchrerisch k\u00f6stlich. Genie\u00dfen Sie Grether\u00e2\u20ac\u2122s Pastilles Redcurrant regelm\u00e4\u00dfig bei beanspruchter Stimme und bei beginnenden Beschwerden in Hals und Rachen.<\/p>\n","protected":false},"featured_media":57205,"template":"","meta":{"_acf_changed":false},"product_brand":[],"product_cat":[810],"product_tag":[],"class_list":{"0":"post-57203","1":"product","2":"type-product","3":"status-publish","4":"has-post-thumbnail","6":"product_cat-g","7":"pa_packungsgroesse-110g","9":"first","10":"instock","11":"shipping-taxable","12":"purchasable","13":"product-type-simple"},"acf":[],"_links":{"self":[{"href":"https:\/\/www.ernstbrunn-apotheke.at\/katalog\/wp-json\/wp\/v2\/product\/57203","targetHints":{"allow":["GET"]}}],"collection":[{"href":"https:\/\/www.ernstbrunn-apotheke.at\/katalog\/wp-json\/wp\/v2\/product"}],"about":[{"href":"https:\/\/www.ernstbrunn-apotheke.at\/katalog\/wp-json\/wp\/v2\/types\/product"}],"wp:featuredmedia":[{"embeddable":true,"href":"https:\/\/www.ernstbrunn-apotheke.at\/katalog\/wp-json\/wp\/v2\/media\/57205"}],"wp:attachment":[{"href":"https:\/\/www.ernstbrunn-apotheke.at\/katalog\/wp-json\/wp\/v2\/media?parent=57203"}],"wp:term":[{"taxonomy":"product_brand","embeddable":true,"href":"https:\/\/www.ernstbrunn-apotheke.at\/katalog\/wp-json\/wp\/v2\/product_brand?post=57203"},{"taxonomy":"product_cat","embeddable":true,"href":"https:\/\/www.ernstbrunn-apotheke.at\/katalog\/wp-json\/wp\/v2\/product_cat?post=57203"},{"taxonomy":"product_tag","embeddable":true,"href":"https:\/\/www.ernstbrunn-apotheke.at\/katalog\/wp-json\/wp\/v2\/product_tag?post=57203"}],"curies":[{"name":"wp","href":"https:\/\/api.w.org\/{rel}","templated":true}]}}