{"id":57188,"date":"2025-11-10T21:04:32","date_gmt":"2025-11-10T20:04:32","guid":{"rendered":"https:\/\/www.ernstbrunn-apotheke.at\/katalog\/produkt\/life-light-flohsamenschalen-ganz-200-g\/"},"modified":"2025-12-08T17:06:00","modified_gmt":"2025-12-08T16:06:00","slug":"life-light-flohsamenschalen-ganz-200-g","status":"publish","type":"product","link":"https:\/\/www.ernstbrunn-apotheke.at\/katalog\/produkt\/life-light-flohsamenschalen-ganz-200-g\/","title":{"rendered":"Life Light Flohsamenschalen Ganz 200 g"},"content":{"rendered":"<p>Life Light Flohsamenschalen Ganz wurden bereits von Hildegard von Bingen empfohlen, da sie v\u00f6llig neutral und mild sind. Flohsamenschalen eignen sich hervorragend zum Einr\u00fchren in Getr\u00e4nke und zur Zubereitung von Speisen, wie M\u00fcslis, Backwaren, Suppen oder Desserts.<\/p>\n","protected":false},"excerpt":{"rendered":"<p>Life Light Flohsamenschalen Ganz wurden bereits von Hildegard von Bingen empfohlen, da sie v\u00f6llig neutral und mild sind. Flohsamenschalen eignen sich hervorragend zum Einr\u00fchren in Getr\u00e4nke und zur Zubereitung von Speisen, wie M\u00fcslis, Backwaren, Suppen oder Desserts.<\/p>\n","protected":false},"featured_media":57190,"template":"","meta":{"_acf_changed":false},"product_brand":[],"product_cat":[795],"product_tag":[],"class_list":{"0":"post-57188","1":"product","2":"type-product","3":"status-publish","4":"has-post-thumbnail","6":"product_cat-l","7":"pa_packungsgroesse-200g","9":"first","10":"instock","11":"shipping-taxable","12":"purchasable","13":"product-type-simple"},"acf":[],"_links":{"self":[{"href":"https:\/\/www.ernstbrunn-apotheke.at\/katalog\/wp-json\/wp\/v2\/product\/57188","targetHints":{"allow":["GET"]}}],"collection":[{"href":"https:\/\/www.ernstbrunn-apotheke.at\/katalog\/wp-json\/wp\/v2\/product"}],"about":[{"href":"https:\/\/www.ernstbrunn-apotheke.at\/katalog\/wp-json\/wp\/v2\/types\/product"}],"wp:featuredmedia":[{"embeddable":true,"href":"https:\/\/www.ernstbrunn-apotheke.at\/katalog\/wp-json\/wp\/v2\/media\/57190"}],"wp:attachment":[{"href":"https:\/\/www.ernstbrunn-apotheke.at\/katalog\/wp-json\/wp\/v2\/media?parent=57188"}],"wp:term":[{"taxonomy":"product_brand","embeddable":true,"href":"https:\/\/www.ernstbrunn-apotheke.at\/katalog\/wp-json\/wp\/v2\/product_brand?post=57188"},{"taxonomy":"product_cat","embeddable":true,"href":"https:\/\/www.ernstbrunn-apotheke.at\/katalog\/wp-json\/wp\/v2\/product_cat?post=57188"},{"taxonomy":"product_tag","embeddable":true,"href":"https:\/\/www.ernstbrunn-apotheke.at\/katalog\/wp-json\/wp\/v2\/product_tag?post=57188"}],"curies":[{"name":"wp","href":"https:\/\/api.w.org\/{rel}","templated":true}]}}