{"id":57169,"date":"2025-11-10T21:04:12","date_gmt":"2025-11-10T20:04:12","guid":{"rendered":"https:\/\/www.ernstbrunn-apotheke.at\/katalog\/produkt\/em-eukal-gummidrops-kinder-75-g\/"},"modified":"2025-12-08T17:05:53","modified_gmt":"2025-12-08T16:05:53","slug":"em-eukal-gummidrops-kinder-75-g","status":"publish","type":"product","link":"https:\/\/www.ernstbrunn-apotheke.at\/katalog\/produkt\/em-eukal-gummidrops-kinder-75-g\/","title":{"rendered":"Em-Eukal Gummidrops Kinder 75 g"},"content":{"rendered":"<p>Merz hat sich f\u00fcr die n\u00e4chsten Jahre eine ambitionierte Vision gegeben. Sie baut auf unserer langj\u00e4hrigen Geschichte auf. Einer Geschichte, in der Merz seine herausragende Innovationskraft und seinen hervorragenden Ruf bei Kunden und Patienten unter Beweis gestellt hat.<\/p>\n","protected":false},"excerpt":{"rendered":"<p>Merz hat sich f\u00fcr die n\u00e4chsten Jahre eine ambitionierte Vision gegeben. Sie baut auf unserer langj\u00e4hrigen Geschichte auf. Einer Geschichte, in der Merz seine herausragende Innovationskraft und seinen hervorragenden Ruf bei Kunden und Patienten unter Beweis gestellt hat.<\/p>\n","protected":false},"featured_media":57171,"template":"","meta":{"_acf_changed":false},"product_brand":[1100],"product_cat":[794],"product_tag":[],"class_list":{"0":"post-57169","1":"product","2":"type-product","3":"status-publish","4":"has-post-thumbnail","6":"product_brand-em-eukal","7":"product_cat-e","8":"pa_packungsgroesse-75g","10":"first","11":"instock","12":"shipping-taxable","13":"purchasable","14":"product-type-simple"},"acf":[],"_links":{"self":[{"href":"https:\/\/www.ernstbrunn-apotheke.at\/katalog\/wp-json\/wp\/v2\/product\/57169","targetHints":{"allow":["GET"]}}],"collection":[{"href":"https:\/\/www.ernstbrunn-apotheke.at\/katalog\/wp-json\/wp\/v2\/product"}],"about":[{"href":"https:\/\/www.ernstbrunn-apotheke.at\/katalog\/wp-json\/wp\/v2\/types\/product"}],"wp:featuredmedia":[{"embeddable":true,"href":"https:\/\/www.ernstbrunn-apotheke.at\/katalog\/wp-json\/wp\/v2\/media\/57171"}],"wp:attachment":[{"href":"https:\/\/www.ernstbrunn-apotheke.at\/katalog\/wp-json\/wp\/v2\/media?parent=57169"}],"wp:term":[{"taxonomy":"product_brand","embeddable":true,"href":"https:\/\/www.ernstbrunn-apotheke.at\/katalog\/wp-json\/wp\/v2\/product_brand?post=57169"},{"taxonomy":"product_cat","embeddable":true,"href":"https:\/\/www.ernstbrunn-apotheke.at\/katalog\/wp-json\/wp\/v2\/product_cat?post=57169"},{"taxonomy":"product_tag","embeddable":true,"href":"https:\/\/www.ernstbrunn-apotheke.at\/katalog\/wp-json\/wp\/v2\/product_tag?post=57169"}],"curies":[{"name":"wp","href":"https:\/\/api.w.org\/{rel}","templated":true}]}}