{"id":57117,"date":"2025-11-10T21:03:18","date_gmt":"2025-11-10T20:03:18","guid":{"rendered":"https:\/\/www.ernstbrunn-apotheke.at\/katalog\/produkt\/airmenbeans-kaffee-guarana-pastillen-21-stk\/"},"modified":"2025-12-08T17:05:36","modified_gmt":"2025-12-08T16:05:36","slug":"airmenbeans-kaffee-guarana-pastillen-21-stk","status":"publish","type":"product","link":"https:\/\/www.ernstbrunn-apotheke.at\/katalog\/produkt\/airmenbeans-kaffee-guarana-pastillen-21-stk\/","title":{"rendered":"AirmenBeans Kaffee-Guarana Pastillen 21 Stk."},"content":{"rendered":"<p>AirmenBeans Kaffee-Guarana Pastillen sind kleine Helfer, wenn&#8217;s mal etwas l\u00e4nger dauert, stressiger, nicht so spannend, oder so richtig Leistung gefragt ist. Nat\u00fcrlich aber auch nur zum Genie\u00dfen.<\/p>\n","protected":false},"excerpt":{"rendered":"<p>AirmenBeans Kaffee-Guarana Pastillen sind kleine Helfer, wenn&#8217;s mal etwas l\u00e4nger dauert, stressiger, nicht so spannend, oder so richtig Leistung gefragt ist. Nat\u00fcrlich aber auch nur zum Genie\u00dfen.<\/p>\n","protected":false},"featured_media":57119,"template":"","meta":{"_acf_changed":false},"product_brand":[],"product_cat":[801],"product_tag":[],"class_list":{"0":"post-57117","1":"product","2":"type-product","3":"status-publish","4":"has-post-thumbnail","6":"product_cat-a","7":"pa_packungsgroesse-21g","9":"first","10":"instock","11":"shipping-taxable","12":"purchasable","13":"product-type-simple"},"acf":[],"_links":{"self":[{"href":"https:\/\/www.ernstbrunn-apotheke.at\/katalog\/wp-json\/wp\/v2\/product\/57117","targetHints":{"allow":["GET"]}}],"collection":[{"href":"https:\/\/www.ernstbrunn-apotheke.at\/katalog\/wp-json\/wp\/v2\/product"}],"about":[{"href":"https:\/\/www.ernstbrunn-apotheke.at\/katalog\/wp-json\/wp\/v2\/types\/product"}],"wp:featuredmedia":[{"embeddable":true,"href":"https:\/\/www.ernstbrunn-apotheke.at\/katalog\/wp-json\/wp\/v2\/media\/57119"}],"wp:attachment":[{"href":"https:\/\/www.ernstbrunn-apotheke.at\/katalog\/wp-json\/wp\/v2\/media?parent=57117"}],"wp:term":[{"taxonomy":"product_brand","embeddable":true,"href":"https:\/\/www.ernstbrunn-apotheke.at\/katalog\/wp-json\/wp\/v2\/product_brand?post=57117"},{"taxonomy":"product_cat","embeddable":true,"href":"https:\/\/www.ernstbrunn-apotheke.at\/katalog\/wp-json\/wp\/v2\/product_cat?post=57117"},{"taxonomy":"product_tag","embeddable":true,"href":"https:\/\/www.ernstbrunn-apotheke.at\/katalog\/wp-json\/wp\/v2\/product_tag?post=57117"}],"curies":[{"name":"wp","href":"https:\/\/api.w.org\/{rel}","templated":true}]}}