{"id":57108,"date":"2025-11-10T21:02:56","date_gmt":"2025-11-10T20:02:56","guid":{"rendered":"https:\/\/www.ernstbrunn-apotheke.at\/katalog\/produkt\/samarin-portionsbeutel-36-stk\/"},"modified":"2025-12-08T17:05:33","modified_gmt":"2025-12-08T16:05:33","slug":"samarin-portionsbeutel-36-stk","status":"publish","type":"product","link":"https:\/\/www.ernstbrunn-apotheke.at\/katalog\/produkt\/samarin-portionsbeutel-36-stk\/","title":{"rendered":"Samarin Portionsbeutel 36 Stk."},"content":{"rendered":"<p>Samarin Portionsbeutel ist eine Kombination nat\u00fcrlicher Mineralstoffe, die eine sofortige und effektive Erleichterung bei Magenproblemen und Sodbrennen  verursacht durch Stress, Ern\u00e4hrung, Nikotin und Alkohol  herbeif\u00fchrt. erhalten Sie dieses Produkt in den Packungsgr\u00f6\u00dfen 3, 18 und 36 St\u00fcck.<\/p>\n","protected":false},"excerpt":{"rendered":"<p>Samarin Portionsbeutel ist eine Kombination nat\u00fcrlicher Mineralstoffe, die eine sofortige und effektive Erleichterung bei Magenproblemen und Sodbrennen verursacht durch Stress, Ern\u00e4hrung, Nikotin und Alkohol herbeif\u00fchrt. erhalten Sie dieses Produkt in den Packungsgr\u00f6\u00dfen 3, 18 und 36 St\u00fcck.<\/p>\n","protected":false},"featured_media":57110,"template":"","meta":{"_acf_changed":false},"product_brand":[],"product_cat":[791],"product_tag":[],"class_list":{"0":"post-57108","1":"product","2":"type-product","3":"status-publish","4":"has-post-thumbnail","6":"product_cat-s","7":"pa_packungsgroesse-18-beutel","8":"pa_packungsgroesse-36-beutel","10":"first","11":"instock","12":"shipping-taxable","13":"purchasable","14":"product-type-simple"},"acf":[],"_links":{"self":[{"href":"https:\/\/www.ernstbrunn-apotheke.at\/katalog\/wp-json\/wp\/v2\/product\/57108","targetHints":{"allow":["GET"]}}],"collection":[{"href":"https:\/\/www.ernstbrunn-apotheke.at\/katalog\/wp-json\/wp\/v2\/product"}],"about":[{"href":"https:\/\/www.ernstbrunn-apotheke.at\/katalog\/wp-json\/wp\/v2\/types\/product"}],"wp:featuredmedia":[{"embeddable":true,"href":"https:\/\/www.ernstbrunn-apotheke.at\/katalog\/wp-json\/wp\/v2\/media\/57110"}],"wp:attachment":[{"href":"https:\/\/www.ernstbrunn-apotheke.at\/katalog\/wp-json\/wp\/v2\/media?parent=57108"}],"wp:term":[{"taxonomy":"product_brand","embeddable":true,"href":"https:\/\/www.ernstbrunn-apotheke.at\/katalog\/wp-json\/wp\/v2\/product_brand?post=57108"},{"taxonomy":"product_cat","embeddable":true,"href":"https:\/\/www.ernstbrunn-apotheke.at\/katalog\/wp-json\/wp\/v2\/product_cat?post=57108"},{"taxonomy":"product_tag","embeddable":true,"href":"https:\/\/www.ernstbrunn-apotheke.at\/katalog\/wp-json\/wp\/v2\/product_tag?post=57108"}],"curies":[{"name":"wp","href":"https:\/\/api.w.org\/{rel}","templated":true}]}}