{"id":57079,"date":"2025-11-10T21:02:30","date_gmt":"2025-11-10T20:02:30","guid":{"rendered":"https:\/\/www.ernstbrunn-apotheke.at\/katalog\/produkt\/dr-soldan-euka-menthol-huetchen-75-g\/"},"modified":"2025-12-08T17:05:24","modified_gmt":"2025-12-08T16:05:24","slug":"dr-soldan-euka-menthol-huetchen-75-g","status":"publish","type":"product","link":"https:\/\/www.ernstbrunn-apotheke.at\/katalog\/produkt\/dr-soldan-euka-menthol-huetchen-75-g\/","title":{"rendered":"Dr. Soldan Euka-Menthol H\u00fctchen 75 g"},"content":{"rendered":"<p>Dr. Soldan Euka-Menthol H\u00fctchen sind umh\u00fcllt von einem zarten Zuckermantel und enthalten nat\u00fcrliches Eukalyptus\u00f6l und Menthol. Euka-Menthol H\u00fctchen &#8211; Naschvergn\u00fcgen f\u00fcr anspruchsvolle Genie\u00dfer.<\/p>\n","protected":false},"excerpt":{"rendered":"<p>Dr. Soldan Euka-Menthol H\u00fctchen sind umh\u00fcllt von einem zarten Zuckermantel und enthalten nat\u00fcrliches Eukalyptus\u00f6l und Menthol. Euka-Menthol H\u00fctchen &#8211; Naschvergn\u00fcgen f\u00fcr anspruchsvolle Genie\u00dfer.<\/p>\n","protected":false},"featured_media":57081,"template":"","meta":{"_acf_changed":false},"product_brand":[1100],"product_cat":[792],"product_tag":[],"class_list":{"0":"post-57079","1":"product","2":"type-product","3":"status-publish","4":"has-post-thumbnail","6":"product_brand-em-eukal","7":"product_cat-d","8":"pa_packungsgroesse-75g","10":"first","11":"instock","12":"shipping-taxable","13":"purchasable","14":"product-type-simple"},"acf":[],"_links":{"self":[{"href":"https:\/\/www.ernstbrunn-apotheke.at\/katalog\/wp-json\/wp\/v2\/product\/57079","targetHints":{"allow":["GET"]}}],"collection":[{"href":"https:\/\/www.ernstbrunn-apotheke.at\/katalog\/wp-json\/wp\/v2\/product"}],"about":[{"href":"https:\/\/www.ernstbrunn-apotheke.at\/katalog\/wp-json\/wp\/v2\/types\/product"}],"wp:featuredmedia":[{"embeddable":true,"href":"https:\/\/www.ernstbrunn-apotheke.at\/katalog\/wp-json\/wp\/v2\/media\/57081"}],"wp:attachment":[{"href":"https:\/\/www.ernstbrunn-apotheke.at\/katalog\/wp-json\/wp\/v2\/media?parent=57079"}],"wp:term":[{"taxonomy":"product_brand","embeddable":true,"href":"https:\/\/www.ernstbrunn-apotheke.at\/katalog\/wp-json\/wp\/v2\/product_brand?post=57079"},{"taxonomy":"product_cat","embeddable":true,"href":"https:\/\/www.ernstbrunn-apotheke.at\/katalog\/wp-json\/wp\/v2\/product_cat?post=57079"},{"taxonomy":"product_tag","embeddable":true,"href":"https:\/\/www.ernstbrunn-apotheke.at\/katalog\/wp-json\/wp\/v2\/product_tag?post=57079"}],"curies":[{"name":"wp","href":"https:\/\/api.w.org\/{rel}","templated":true}]}}