{"id":57046,"date":"2025-11-10T21:01:42","date_gmt":"2025-11-10T20:01:42","guid":{"rendered":"https:\/\/www.ernstbrunn-apotheke.at\/katalog\/produkt\/mascara-med-xl-volumen-6-ml\/"},"modified":"2025-12-08T17:05:11","modified_gmt":"2025-12-08T16:05:11","slug":"mascara-med-xl-volumen-6-ml","status":"publish","type":"product","link":"https:\/\/www.ernstbrunn-apotheke.at\/katalog\/produkt\/mascara-med-xl-volumen-6-ml\/","title":{"rendered":"Mascara Med XL Volumen 6 ml"},"content":{"rendered":"<p>Mascara Med Volumen schenkt Ihnen volle Wimpern durch die XL-Volumen-Formel. Zus\u00e4tzlich wird das Wimpernwachstum unterst\u00fctzt und die Wimpern gepflegt und gen\u00e4hrt &#8211; jetzt zum Spezialpreis bestellen und sofort intensiv schwarze Wimpern erleben!<\/p>\n","protected":false},"excerpt":{"rendered":"<p>Mascara Med Volumen schenkt Ihnen volle Wimpern durch die XL-Volumen-Formel. Zus\u00e4tzlich wird das Wimpernwachstum unterst\u00fctzt und die Wimpern gepflegt und gen\u00e4hrt &#8211; jetzt zum Spezialpreis bestellen und sofort intensiv schwarze Wimpern erleben!<\/p>\n","protected":false},"featured_media":57048,"template":"","meta":{"_acf_changed":false},"product_brand":[],"product_cat":[800],"product_tag":[],"class_list":{"0":"post-57046","1":"product","2":"type-product","3":"status-publish","4":"has-post-thumbnail","6":"product_cat-m","7":"pa_packungsgroesse-6ml","9":"first","10":"instock","11":"shipping-taxable","12":"purchasable","13":"product-type-simple"},"acf":[],"_links":{"self":[{"href":"https:\/\/www.ernstbrunn-apotheke.at\/katalog\/wp-json\/wp\/v2\/product\/57046","targetHints":{"allow":["GET"]}}],"collection":[{"href":"https:\/\/www.ernstbrunn-apotheke.at\/katalog\/wp-json\/wp\/v2\/product"}],"about":[{"href":"https:\/\/www.ernstbrunn-apotheke.at\/katalog\/wp-json\/wp\/v2\/types\/product"}],"wp:featuredmedia":[{"embeddable":true,"href":"https:\/\/www.ernstbrunn-apotheke.at\/katalog\/wp-json\/wp\/v2\/media\/57048"}],"wp:attachment":[{"href":"https:\/\/www.ernstbrunn-apotheke.at\/katalog\/wp-json\/wp\/v2\/media?parent=57046"}],"wp:term":[{"taxonomy":"product_brand","embeddable":true,"href":"https:\/\/www.ernstbrunn-apotheke.at\/katalog\/wp-json\/wp\/v2\/product_brand?post=57046"},{"taxonomy":"product_cat","embeddable":true,"href":"https:\/\/www.ernstbrunn-apotheke.at\/katalog\/wp-json\/wp\/v2\/product_cat?post=57046"},{"taxonomy":"product_tag","embeddable":true,"href":"https:\/\/www.ernstbrunn-apotheke.at\/katalog\/wp-json\/wp\/v2\/product_tag?post=57046"}],"curies":[{"name":"wp","href":"https:\/\/api.w.org\/{rel}","templated":true}]}}