{"id":57030,"date":"2025-11-10T21:01:42","date_gmt":"2025-11-10T20:01:42","guid":{"rendered":"https:\/\/www.ernstbrunn-apotheke.at\/katalog\/produkt\/la-roche-posay-nutritic-lippenschutz-47-ml\/"},"modified":"2025-12-08T17:05:04","modified_gmt":"2025-12-08T16:05:04","slug":"la-roche-posay-nutritic-lippenschutz-47-ml","status":"publish","type":"product","link":"https:\/\/www.ernstbrunn-apotheke.at\/katalog\/produkt\/la-roche-posay-nutritic-lippenschutz-47-ml\/","title":{"rendered":"La Roche-Posay Nutritic Lippenschutz 4,7 ml"},"content":{"rendered":"<p>La Roche-Posay Nutritic Lippenschutz st\u00e4rkt die Barrierefunktion der Haut. Die Synthese aller Ceramid-Klassen wird stimuliert und der Zellzusammenhalt verbessert. Die Haut der Lippen ist so vor dem Austrocknen und \u00e4u\u00dferen Einfl\u00fcssen gesch\u00fctzt. Die enthaltene Karit\u00e9butter ist in ihrer Zusammensetzung den hauteigenen Lipiden sehr \u00e4hnlich und damit besonders wertvoll f\u00fcr die Lippen.<\/p>\n","protected":false},"excerpt":{"rendered":"<p>La Roche-Posay Nutritic Lippenschutz st\u00e4rkt die Barrierefunktion der Haut. Die Synthese aller Ceramid-Klassen wird stimuliert und der Zellzusammenhalt verbessert. Die Haut der Lippen ist so vor dem Austrocknen und \u00e4u\u00dferen Einfl\u00fcssen gesch\u00fctzt. Die enthaltene Karit\u00e9butter ist in ihrer Zusammensetzung den hauteigenen Lipiden sehr \u00e4hnlich und damit besonders wertvoll f\u00fcr die Lippen.<\/p>\n","protected":false},"featured_media":57032,"template":"","meta":{"_acf_changed":false},"product_brand":[677],"product_cat":[795],"product_tag":[],"class_list":{"0":"post-57030","1":"product","2":"type-product","3":"status-publish","4":"has-post-thumbnail","6":"product_brand-la-roche-posay","7":"product_cat-l","8":"pa_packungsgroesse-4ml","10":"first","11":"instock","12":"shipping-taxable","13":"purchasable","14":"product-type-simple"},"acf":[],"_links":{"self":[{"href":"https:\/\/www.ernstbrunn-apotheke.at\/katalog\/wp-json\/wp\/v2\/product\/57030","targetHints":{"allow":["GET"]}}],"collection":[{"href":"https:\/\/www.ernstbrunn-apotheke.at\/katalog\/wp-json\/wp\/v2\/product"}],"about":[{"href":"https:\/\/www.ernstbrunn-apotheke.at\/katalog\/wp-json\/wp\/v2\/types\/product"}],"wp:featuredmedia":[{"embeddable":true,"href":"https:\/\/www.ernstbrunn-apotheke.at\/katalog\/wp-json\/wp\/v2\/media\/57032"}],"wp:attachment":[{"href":"https:\/\/www.ernstbrunn-apotheke.at\/katalog\/wp-json\/wp\/v2\/media?parent=57030"}],"wp:term":[{"taxonomy":"product_brand","embeddable":true,"href":"https:\/\/www.ernstbrunn-apotheke.at\/katalog\/wp-json\/wp\/v2\/product_brand?post=57030"},{"taxonomy":"product_cat","embeddable":true,"href":"https:\/\/www.ernstbrunn-apotheke.at\/katalog\/wp-json\/wp\/v2\/product_cat?post=57030"},{"taxonomy":"product_tag","embeddable":true,"href":"https:\/\/www.ernstbrunn-apotheke.at\/katalog\/wp-json\/wp\/v2\/product_tag?post=57030"}],"curies":[{"name":"wp","href":"https:\/\/api.w.org\/{rel}","templated":true}]}}