{"id":56667,"date":"2025-11-10T20:54:04","date_gmt":"2025-11-10T19:54:04","guid":{"rendered":"https:\/\/www.ernstbrunn-apotheke.at\/katalog\/produkt\/vitality-soja-eiweiss-d-500-g-neutral\/"},"modified":"2025-12-08T17:03:30","modified_gmt":"2025-12-08T16:03:30","slug":"vitality-soja-eiweiss-d-500-g-neutral","status":"publish","type":"product","link":"https:\/\/www.ernstbrunn-apotheke.at\/katalog\/produkt\/vitality-soja-eiweiss-d-500-g-neutral\/","title":{"rendered":"Vitality Soja Eiwei\u00df D 500 g Neutral"},"content":{"rendered":"<p>Vitality Soja Eiwei\u00df D liefert einen wertvollen Beitrag f\u00fcr eine gesunde, figurbewusste Ern\u00e4hrung. Es ist die ideale eiwei\u00dfreiche Zwischenmahlzeit f\u00fcr all jene, die ihre Ern\u00e4hrung mit hochwertigem pflanzlichem Eiwei\u00df optimieren wollen, um fit, vital und schlank zu bleiben. Erh\u00e4ltlich in den Geschmacksrichtungen Neutral, Vanille, Kakao und Banane.<\/p>\n","protected":false},"excerpt":{"rendered":"<p>Vitality Soja Eiwei\u00df D liefert einen wertvollen Beitrag f\u00fcr eine gesunde, figurbewusste Ern\u00e4hrung. Es ist die ideale eiwei\u00dfreiche Zwischenmahlzeit f\u00fcr all jene, die ihre Ern\u00e4hrung mit hochwertigem pflanzlichem Eiwei\u00df optimieren wollen, um fit, vital und schlank zu bleiben. Erh\u00e4ltlich in den Geschmacksrichtungen Neutral, Vanille, Kakao und Banane.<\/p>\n","protected":false},"featured_media":56669,"template":"","meta":{"_acf_changed":false},"product_brand":[],"product_cat":[799],"product_tag":[],"class_list":{"0":"post-56667","1":"product","2":"type-product","3":"status-publish","4":"has-post-thumbnail","6":"product_cat-v","7":"pa_packungsgroesse-500g","9":"first","10":"instock","11":"shipping-taxable","12":"purchasable","13":"product-type-simple"},"acf":[],"_links":{"self":[{"href":"https:\/\/www.ernstbrunn-apotheke.at\/katalog\/wp-json\/wp\/v2\/product\/56667","targetHints":{"allow":["GET"]}}],"collection":[{"href":"https:\/\/www.ernstbrunn-apotheke.at\/katalog\/wp-json\/wp\/v2\/product"}],"about":[{"href":"https:\/\/www.ernstbrunn-apotheke.at\/katalog\/wp-json\/wp\/v2\/types\/product"}],"wp:featuredmedia":[{"embeddable":true,"href":"https:\/\/www.ernstbrunn-apotheke.at\/katalog\/wp-json\/wp\/v2\/media\/56669"}],"wp:attachment":[{"href":"https:\/\/www.ernstbrunn-apotheke.at\/katalog\/wp-json\/wp\/v2\/media?parent=56667"}],"wp:term":[{"taxonomy":"product_brand","embeddable":true,"href":"https:\/\/www.ernstbrunn-apotheke.at\/katalog\/wp-json\/wp\/v2\/product_brand?post=56667"},{"taxonomy":"product_cat","embeddable":true,"href":"https:\/\/www.ernstbrunn-apotheke.at\/katalog\/wp-json\/wp\/v2\/product_cat?post=56667"},{"taxonomy":"product_tag","embeddable":true,"href":"https:\/\/www.ernstbrunn-apotheke.at\/katalog\/wp-json\/wp\/v2\/product_tag?post=56667"}],"curies":[{"name":"wp","href":"https:\/\/api.w.org\/{rel}","templated":true}]}}