{"id":56626,"date":"2025-11-10T20:53:17","date_gmt":"2025-11-10T19:53:17","guid":{"rendered":"https:\/\/www.ernstbrunn-apotheke.at\/katalog\/produkt\/vitamin-express-fitness-eiweiss-500-g-pfirsich-mango\/"},"modified":"2025-12-08T17:03:21","modified_gmt":"2025-12-08T16:03:21","slug":"vitamin-express-fitness-eiweiss-500-g-pfirsich-mango","status":"publish","type":"product","link":"https:\/\/www.ernstbrunn-apotheke.at\/katalog\/produkt\/vitamin-express-fitness-eiweiss-500-g-pfirsich-mango\/","title":{"rendered":"Vitamin Express Fitness Eiwei\u00df 500 g Pfirsich-Mango"},"content":{"rendered":"<p>Vitamin Express Fitness Eiwei\u00df ist eine nat\u00fcrliche Eiwei\u00dfformel f\u00fcr mehr Power, Vitalit\u00e4t und eine gute Figur. Durch eine spezielle Mischung von hochwertigem Eiwei\u00df aus Milch, Wheyprotein (Molkeneiwei\u00df), Ei und Soja, erreicht Fitness Eiweiss eine sehr hohe biologische Wertigkeit.<\/p>\n","protected":false},"excerpt":{"rendered":"<p>Vitamin Express Fitness Eiwei\u00df ist eine nat\u00fcrliche Eiwei\u00dfformel f\u00fcr mehr Power, Vitalit\u00e4t und eine gute Figur. Durch eine spezielle Mischung von hochwertigem Eiwei\u00df aus Milch, Wheyprotein (Molkeneiwei\u00df), Ei und Soja, erreicht Fitness Eiweiss eine sehr hohe biologische Wertigkeit.<\/p>\n","protected":false},"featured_media":56628,"template":"","meta":{"_acf_changed":false},"product_brand":[],"product_cat":[799],"product_tag":[],"class_list":{"0":"post-56626","1":"product","2":"type-product","3":"status-publish","4":"has-post-thumbnail","6":"product_cat-v","7":"pa_packungsgroesse-500g","9":"first","10":"instock","11":"shipping-taxable","12":"purchasable","13":"product-type-simple"},"acf":[],"_links":{"self":[{"href":"https:\/\/www.ernstbrunn-apotheke.at\/katalog\/wp-json\/wp\/v2\/product\/56626","targetHints":{"allow":["GET"]}}],"collection":[{"href":"https:\/\/www.ernstbrunn-apotheke.at\/katalog\/wp-json\/wp\/v2\/product"}],"about":[{"href":"https:\/\/www.ernstbrunn-apotheke.at\/katalog\/wp-json\/wp\/v2\/types\/product"}],"wp:featuredmedia":[{"embeddable":true,"href":"https:\/\/www.ernstbrunn-apotheke.at\/katalog\/wp-json\/wp\/v2\/media\/56628"}],"wp:attachment":[{"href":"https:\/\/www.ernstbrunn-apotheke.at\/katalog\/wp-json\/wp\/v2\/media?parent=56626"}],"wp:term":[{"taxonomy":"product_brand","embeddable":true,"href":"https:\/\/www.ernstbrunn-apotheke.at\/katalog\/wp-json\/wp\/v2\/product_brand?post=56626"},{"taxonomy":"product_cat","embeddable":true,"href":"https:\/\/www.ernstbrunn-apotheke.at\/katalog\/wp-json\/wp\/v2\/product_cat?post=56626"},{"taxonomy":"product_tag","embeddable":true,"href":"https:\/\/www.ernstbrunn-apotheke.at\/katalog\/wp-json\/wp\/v2\/product_tag?post=56626"}],"curies":[{"name":"wp","href":"https:\/\/api.w.org\/{rel}","templated":true}]}}