{"id":56462,"date":"2025-11-10T20:49:45","date_gmt":"2025-11-10T19:49:45","guid":{"rendered":"https:\/\/www.ernstbrunn-apotheke.at\/katalog\/produkt\/nemabas-tabletten\/"},"modified":"2025-12-08T17:02:39","modified_gmt":"2025-12-08T16:02:39","slug":"nemabas-tabletten","status":"publish","type":"product","link":"https:\/\/www.ernstbrunn-apotheke.at\/katalog\/produkt\/nemabas-tabletten\/","title":{"rendered":"Nemabas Tabletten"},"content":{"rendered":"<p>Nemabas Tabletten f\u00f6rdern ein ausgewogenes S\u00e4ure-Basen-Verh\u00e4ltnis des K\u00f6rpers und liefern gleichzeitig lebenswichtige Mineralien. Die Tabletten f\u00f6rdern k\u00f6rperliche und geistige Ausdauer und unterst\u00fctzen die S\u00e4ureregulierung des K\u00f6rpers bei einer Di\u00e4t.<\/p>\n","protected":false},"excerpt":{"rendered":"<p>Nemabas Tabletten f\u00f6rdern ein ausgewogenes S\u00e4ure-Basen-Verh\u00e4ltnis des K\u00f6rpers und liefern gleichzeitig lebenswichtige Mineralien. Die Tabletten f\u00f6rdern k\u00f6rperliche und geistige Ausdauer und unterst\u00fctzen die S\u00e4ureregulierung des K\u00f6rpers bei einer Di\u00e4t.<\/p>\n","protected":false},"featured_media":56464,"template":"","meta":{"_acf_changed":false},"product_brand":[],"product_cat":[797],"product_tag":[],"class_list":{"0":"post-56462","1":"product","2":"type-product","3":"status-publish","4":"has-post-thumbnail","6":"product_cat-n","7":"pa_packungsgroesse-120-stueck","9":"first","10":"instock","11":"shipping-taxable","12":"purchasable","13":"product-type-simple"},"acf":[],"_links":{"self":[{"href":"https:\/\/www.ernstbrunn-apotheke.at\/katalog\/wp-json\/wp\/v2\/product\/56462","targetHints":{"allow":["GET"]}}],"collection":[{"href":"https:\/\/www.ernstbrunn-apotheke.at\/katalog\/wp-json\/wp\/v2\/product"}],"about":[{"href":"https:\/\/www.ernstbrunn-apotheke.at\/katalog\/wp-json\/wp\/v2\/types\/product"}],"wp:featuredmedia":[{"embeddable":true,"href":"https:\/\/www.ernstbrunn-apotheke.at\/katalog\/wp-json\/wp\/v2\/media\/56464"}],"wp:attachment":[{"href":"https:\/\/www.ernstbrunn-apotheke.at\/katalog\/wp-json\/wp\/v2\/media?parent=56462"}],"wp:term":[{"taxonomy":"product_brand","embeddable":true,"href":"https:\/\/www.ernstbrunn-apotheke.at\/katalog\/wp-json\/wp\/v2\/product_brand?post=56462"},{"taxonomy":"product_cat","embeddable":true,"href":"https:\/\/www.ernstbrunn-apotheke.at\/katalog\/wp-json\/wp\/v2\/product_cat?post=56462"},{"taxonomy":"product_tag","embeddable":true,"href":"https:\/\/www.ernstbrunn-apotheke.at\/katalog\/wp-json\/wp\/v2\/product_tag?post=56462"}],"curies":[{"name":"wp","href":"https:\/\/api.w.org\/{rel}","templated":true}]}}