{"id":56441,"date":"2025-11-10T20:49:45","date_gmt":"2025-11-10T19:49:45","guid":{"rendered":"https:\/\/www.ernstbrunn-apotheke.at\/katalog\/produkt\/dr-ehrenberger-basenpulver-classic-360-g\/"},"modified":"2025-12-08T17:02:35","modified_gmt":"2025-12-08T16:02:35","slug":"dr-ehrenberger-basenpulver-classic-360-g","status":"publish","type":"product","link":"https:\/\/www.ernstbrunn-apotheke.at\/katalog\/produkt\/dr-ehrenberger-basenpulver-classic-360-g\/","title":{"rendered":"Dr. Ehrenberger Basenpulver classic 360 g"},"content":{"rendered":"<p>Dr. Ehrenberger Basenpulver classic enth\u00e4lt sowohl Calcium als auch Magnesium und Vitamin C. Diese Inhaltsstoffe sorgen unter anderem f\u00fcr eine normale psychische Funktion, Verringerung von M\u00fcdigkeit und Erm\u00fcdung sowie f\u00fcr einer normalen Funktion des Immunsystems. Das Produkt enth\u00e4lt teilweise biologische Inhaltsstoffe .<\/p>\n","protected":false},"excerpt":{"rendered":"<p>Dr. Ehrenberger Basenpulver classic enth\u00e4lt sowohl Calcium als auch Magnesium und Vitamin C. Diese Inhaltsstoffe sorgen unter anderem f\u00fcr eine normale psychische Funktion, Verringerung von M\u00fcdigkeit und Erm\u00fcdung sowie f\u00fcr einer normalen Funktion des Immunsystems. Das Produkt enth\u00e4lt teilweise biologische Inhaltsstoffe .<\/p>\n","protected":false},"featured_media":56443,"template":"","meta":{"_acf_changed":false},"product_brand":[509],"product_cat":[792],"product_tag":[],"class_list":{"0":"post-56441","1":"product","2":"type-product","3":"status-publish","4":"has-post-thumbnail","6":"product_brand-dr-ehrenberger","7":"product_cat-d","8":"pa_packungsgroesse-360g","10":"first","11":"instock","12":"shipping-taxable","13":"purchasable","14":"product-type-simple"},"acf":[],"_links":{"self":[{"href":"https:\/\/www.ernstbrunn-apotheke.at\/katalog\/wp-json\/wp\/v2\/product\/56441","targetHints":{"allow":["GET"]}}],"collection":[{"href":"https:\/\/www.ernstbrunn-apotheke.at\/katalog\/wp-json\/wp\/v2\/product"}],"about":[{"href":"https:\/\/www.ernstbrunn-apotheke.at\/katalog\/wp-json\/wp\/v2\/types\/product"}],"wp:featuredmedia":[{"embeddable":true,"href":"https:\/\/www.ernstbrunn-apotheke.at\/katalog\/wp-json\/wp\/v2\/media\/56443"}],"wp:attachment":[{"href":"https:\/\/www.ernstbrunn-apotheke.at\/katalog\/wp-json\/wp\/v2\/media?parent=56441"}],"wp:term":[{"taxonomy":"product_brand","embeddable":true,"href":"https:\/\/www.ernstbrunn-apotheke.at\/katalog\/wp-json\/wp\/v2\/product_brand?post=56441"},{"taxonomy":"product_cat","embeddable":true,"href":"https:\/\/www.ernstbrunn-apotheke.at\/katalog\/wp-json\/wp\/v2\/product_cat?post=56441"},{"taxonomy":"product_tag","embeddable":true,"href":"https:\/\/www.ernstbrunn-apotheke.at\/katalog\/wp-json\/wp\/v2\/product_tag?post=56441"}],"curies":[{"name":"wp","href":"https:\/\/api.w.org\/{rel}","templated":true}]}}