{"id":56410,"date":"2025-11-10T20:49:03","date_gmt":"2025-11-10T19:49:03","guid":{"rendered":"https:\/\/www.ernstbrunn-apotheke.at\/katalog\/produkt\/casida-basenpulver-3-nach-rauch-bei-erhoehtem-magnesiumbedarf\/"},"modified":"2025-12-08T17:02:27","modified_gmt":"2025-12-08T16:02:27","slug":"casida-basenpulver-3-nach-rauch-bei-erhoehtem-magnesiumbedarf","status":"publish","type":"product","link":"https:\/\/www.ernstbrunn-apotheke.at\/katalog\/produkt\/casida-basenpulver-3-nach-rauch-bei-erhoehtem-magnesiumbedarf\/","title":{"rendered":"Casida BASENPULVER 3 nach Rauch bei erh\u00f6htem Magnesiumbedarf"},"content":{"rendered":"<p>Casida Basenpulver 3 nach Rauch ist ein basisches Nahrungserg\u00e4nzungsmittel mit wertvollen basischen Mineralien wie Calcium, Natrium, Magnesium und Kalium f\u00fcr eine harmonische, ausgeglichene S\u00e4ure-Basen-Balance. Vielf\u00e4ltig einsetzbar \u2013 zur Unterst\u00fctzung der S\u00e4ure-Basen Balance, bei Stress, M\u00fcdigkeit und Ersch\u00f6pfung, zu jeder Di\u00e4t und f\u00fcr Leistung und Regeneration beim Sport.<\/p>\n","protected":false},"excerpt":{"rendered":"<p>Casida Basenpulver 3 nach Rauch ist ein basisches Nahrungserg\u00e4nzungsmittel mit wertvollen basischen Mineralien wie Calcium, Natrium, Magnesium und Kalium f\u00fcr eine harmonische, ausgeglichene S\u00e4ure-Basen-Balance. Vielf\u00e4ltig einsetzbar \u2013 zur Unterst\u00fctzung der S\u00e4ure-Basen Balance, bei Stress, M\u00fcdigkeit und Ersch\u00f6pfung, zu jeder Di\u00e4t und f\u00fcr Leistung und Regeneration beim Sport.<\/p>\n","protected":false},"featured_media":56412,"template":"","meta":{"_acf_changed":false},"product_brand":[],"product_cat":[812],"product_tag":[],"class_list":{"0":"post-56410","1":"product","2":"type-product","3":"status-publish","4":"has-post-thumbnail","6":"product_cat-c","7":"pa_packungsgroesse-200g","9":"first","10":"instock","11":"shipping-taxable","12":"purchasable","13":"product-type-simple"},"acf":[],"_links":{"self":[{"href":"https:\/\/www.ernstbrunn-apotheke.at\/katalog\/wp-json\/wp\/v2\/product\/56410","targetHints":{"allow":["GET"]}}],"collection":[{"href":"https:\/\/www.ernstbrunn-apotheke.at\/katalog\/wp-json\/wp\/v2\/product"}],"about":[{"href":"https:\/\/www.ernstbrunn-apotheke.at\/katalog\/wp-json\/wp\/v2\/types\/product"}],"wp:featuredmedia":[{"embeddable":true,"href":"https:\/\/www.ernstbrunn-apotheke.at\/katalog\/wp-json\/wp\/v2\/media\/56412"}],"wp:attachment":[{"href":"https:\/\/www.ernstbrunn-apotheke.at\/katalog\/wp-json\/wp\/v2\/media?parent=56410"}],"wp:term":[{"taxonomy":"product_brand","embeddable":true,"href":"https:\/\/www.ernstbrunn-apotheke.at\/katalog\/wp-json\/wp\/v2\/product_brand?post=56410"},{"taxonomy":"product_cat","embeddable":true,"href":"https:\/\/www.ernstbrunn-apotheke.at\/katalog\/wp-json\/wp\/v2\/product_cat?post=56410"},{"taxonomy":"product_tag","embeddable":true,"href":"https:\/\/www.ernstbrunn-apotheke.at\/katalog\/wp-json\/wp\/v2\/product_tag?post=56410"}],"curies":[{"name":"wp","href":"https:\/\/api.w.org\/{rel}","templated":true}]}}