{"id":56387,"date":"2025-11-10T20:48:10","date_gmt":"2025-11-10T19:48:10","guid":{"rendered":"https:\/\/www.ernstbrunn-apotheke.at\/katalog\/produkt\/espara-basen-elektrolyt-kapseln-100-stk\/"},"modified":"2025-12-08T17:02:23","modified_gmt":"2025-12-08T16:02:23","slug":"espara-basen-elektrolyt-kapseln-100-stk","status":"publish","type":"product","link":"https:\/\/www.ernstbrunn-apotheke.at\/katalog\/produkt\/espara-basen-elektrolyt-kapseln-100-stk\/","title":{"rendered":"Espara Basen Elektrolyt Kapseln 100 Stk."},"content":{"rendered":"<p>Espara Basen Kapseln sind ein Nahrungserg\u00e4nzungsmittel mit basenbildenden Mineralstoffen und Vitaminen. Dieses Produkt erhalten Sie in den Packungsgr\u00f6\u00dfen 100 St\u00fcck und 200 St\u00fcck.<\/p>\n","protected":false},"excerpt":{"rendered":"<p>Espara Basen Kapseln sind ein Nahrungserg\u00e4nzungsmittel mit basenbildenden Mineralstoffen und Vitaminen. Dieses Produkt erhalten Sie in den Packungsgr\u00f6\u00dfen 100 St\u00fcck und 200 St\u00fcck.<\/p>\n","protected":false},"featured_media":56389,"template":"","meta":{"_acf_changed":false},"product_brand":[383],"product_cat":[794],"product_tag":[],"class_list":{"0":"post-56387","1":"product","2":"type-product","3":"status-publish","4":"has-post-thumbnail","6":"product_brand-espara","7":"product_cat-e","8":"pa_packungsgroesse-100-stueck","9":"pa_packungsgroesse-200-stueck","11":"first","12":"instock","13":"shipping-taxable","14":"purchasable","15":"product-type-simple"},"acf":[],"_links":{"self":[{"href":"https:\/\/www.ernstbrunn-apotheke.at\/katalog\/wp-json\/wp\/v2\/product\/56387","targetHints":{"allow":["GET"]}}],"collection":[{"href":"https:\/\/www.ernstbrunn-apotheke.at\/katalog\/wp-json\/wp\/v2\/product"}],"about":[{"href":"https:\/\/www.ernstbrunn-apotheke.at\/katalog\/wp-json\/wp\/v2\/types\/product"}],"wp:featuredmedia":[{"embeddable":true,"href":"https:\/\/www.ernstbrunn-apotheke.at\/katalog\/wp-json\/wp\/v2\/media\/56389"}],"wp:attachment":[{"href":"https:\/\/www.ernstbrunn-apotheke.at\/katalog\/wp-json\/wp\/v2\/media?parent=56387"}],"wp:term":[{"taxonomy":"product_brand","embeddable":true,"href":"https:\/\/www.ernstbrunn-apotheke.at\/katalog\/wp-json\/wp\/v2\/product_brand?post=56387"},{"taxonomy":"product_cat","embeddable":true,"href":"https:\/\/www.ernstbrunn-apotheke.at\/katalog\/wp-json\/wp\/v2\/product_cat?post=56387"},{"taxonomy":"product_tag","embeddable":true,"href":"https:\/\/www.ernstbrunn-apotheke.at\/katalog\/wp-json\/wp\/v2\/product_tag?post=56387"}],"curies":[{"name":"wp","href":"https:\/\/api.w.org\/{rel}","templated":true}]}}