{"id":56368,"date":"2025-11-10T20:48:10","date_gmt":"2025-11-10T19:48:10","guid":{"rendered":"https:\/\/www.ernstbrunn-apotheke.at\/katalog\/produkt\/basencitrate-pulver\/"},"modified":"2025-12-08T17:02:20","modified_gmt":"2025-12-08T16:02:20","slug":"basencitrate-pulver","status":"publish","type":"product","link":"https:\/\/www.ernstbrunn-apotheke.at\/katalog\/produkt\/basencitrate-pulver\/","title":{"rendered":"Basencitrate Pulver"},"content":{"rendered":"<p>Gall Pharma BasenCitrate Pur Pulver 216 g unterst\u00fctzt ein ausgewogenes S\u00e4ure-Basen-Gleichgewicht im K\u00f6rper und tr\u00e4gt dadurch zu mehr Wohlbefinden und Energie bei. Ein gest\u00f6rtes S\u00e4ure-Basen-Gleichgewicht hingegen kann sich in vielf\u00e4ltigen Symptomen \u00e4u\u00dfern: Ersch\u00f6pfung, verringerte Leistungsf\u00e4higkeit, ver\u00e4ndertes Hautbild oder auch gebremste Gewichtsabnahme w\u00e4hrend einer Di\u00e4t. Das basische Pulver kann im Sport, bei der Erf\u00fcllung der Anforderungen in Beruf und Familie und zur Erhaltung der k\u00f6rperlichen Fitness im Alter unterst\u00fctzend wirken &#8211; als Standortapotheke bieten wir Ihnen 100 % Sicherheit und ausschlie\u00dflich Originalprodukte!<\/p>\n","protected":false},"excerpt":{"rendered":"<p>Gall Pharma BasenCitrate Pur Pulver 216 g unterst\u00fctzt ein ausgewogenes S\u00e4ure-Basen-Gleichgewicht im K\u00f6rper und tr\u00e4gt dadurch zu mehr Wohlbefinden und Energie bei. Ein gest\u00f6rtes S\u00e4ure-Basen-Gleichgewicht hingegen kann sich in vielf\u00e4ltigen Symptomen \u00e4u\u00dfern: Ersch\u00f6pfung, verringerte Leistungsf\u00e4higkeit, ver\u00e4ndertes Hautbild oder auch gebremste Gewichtsabnahme w\u00e4hrend einer Di\u00e4t. Das basische Pulver kann im Sport, bei der Erf\u00fcllung der Anforderungen [&hellip;]<\/p>\n","protected":false},"featured_media":56370,"template":"","meta":{"_acf_changed":false},"product_brand":[371],"product_cat":[802],"product_tag":[],"class_list":{"0":"post-56368","1":"product","2":"type-product","3":"status-publish","4":"has-post-thumbnail","6":"product_brand-gall-pharma","7":"product_cat-b","8":"pa_packungsgroesse-216g","10":"first","11":"instock","12":"shipping-taxable","13":"purchasable","14":"product-type-simple"},"acf":[],"_links":{"self":[{"href":"https:\/\/www.ernstbrunn-apotheke.at\/katalog\/wp-json\/wp\/v2\/product\/56368","targetHints":{"allow":["GET"]}}],"collection":[{"href":"https:\/\/www.ernstbrunn-apotheke.at\/katalog\/wp-json\/wp\/v2\/product"}],"about":[{"href":"https:\/\/www.ernstbrunn-apotheke.at\/katalog\/wp-json\/wp\/v2\/types\/product"}],"wp:featuredmedia":[{"embeddable":true,"href":"https:\/\/www.ernstbrunn-apotheke.at\/katalog\/wp-json\/wp\/v2\/media\/56370"}],"wp:attachment":[{"href":"https:\/\/www.ernstbrunn-apotheke.at\/katalog\/wp-json\/wp\/v2\/media?parent=56368"}],"wp:term":[{"taxonomy":"product_brand","embeddable":true,"href":"https:\/\/www.ernstbrunn-apotheke.at\/katalog\/wp-json\/wp\/v2\/product_brand?post=56368"},{"taxonomy":"product_cat","embeddable":true,"href":"https:\/\/www.ernstbrunn-apotheke.at\/katalog\/wp-json\/wp\/v2\/product_cat?post=56368"},{"taxonomy":"product_tag","embeddable":true,"href":"https:\/\/www.ernstbrunn-apotheke.at\/katalog\/wp-json\/wp\/v2\/product_tag?post=56368"}],"curies":[{"name":"wp","href":"https:\/\/api.w.org\/{rel}","templated":true}]}}