{"id":56358,"date":"2025-11-10T20:48:10","date_gmt":"2025-11-10T19:48:10","guid":{"rendered":"https:\/\/www.ernstbrunn-apotheke.at\/katalog\/produkt\/dr-toeth-basen-creme-licht-quanten-aktiv-150-ml\/"},"modified":"2025-12-08T17:02:18","modified_gmt":"2025-12-08T16:02:18","slug":"dr-toeth-basen-creme-licht-quanten-aktiv-150-ml","status":"publish","type":"product","link":"https:\/\/www.ernstbrunn-apotheke.at\/katalog\/produkt\/dr-toeth-basen-creme-licht-quanten-aktiv-150-ml\/","title":{"rendered":"Dr. T\u00f6th BASEN Creme LICHT-QUANTEN-AKTIV\u00ae 150 ML"},"content":{"rendered":"<p>Dr. Ewald T\u00f6th Basen Licht-Quanten Creme ist ideal f\u00fcr trockene bis sehr trockene Haut geeignet. Gehaltvolle Gesichtscremen z\u00e4hlen zu den wichtigsten N\u00e4hrstoff-Lieferanten f\u00fcr die Haut. Die Creme ist eine gehaltvolle Pflegecreme mit einem besonders hohen Anteil an pflegenden Fetten f\u00fcr die nat\u00fcrliche Regeneration der anspruchsvollen Haut. Die hautnat\u00fcrliche Basenbalance bleibt dank basischem pH-Wert bewahrt. Wir bieten Ihnen die komplette Auswahl einer \u00f6sterreichischen Standortapotheke<\/p>\n","protected":false},"excerpt":{"rendered":"<p>Dr. Ewald T\u00f6th Basen Licht-Quanten Creme ist ideal f\u00fcr trockene bis sehr trockene Haut geeignet. Gehaltvolle Gesichtscremen z\u00e4hlen zu den wichtigsten N\u00e4hrstoff-Lieferanten f\u00fcr die Haut. Die Creme ist eine gehaltvolle Pflegecreme mit einem besonders hohen Anteil an pflegenden Fetten f\u00fcr die nat\u00fcrliche Regeneration der anspruchsvollen Haut. Die hautnat\u00fcrliche Basenbalance bleibt dank basischem pH-Wert bewahrt. Wir [&hellip;]<\/p>\n","protected":false},"featured_media":56360,"template":"","meta":{"_acf_changed":false},"product_brand":[],"product_cat":[792],"product_tag":[],"class_list":{"0":"post-56358","1":"product","2":"type-product","3":"status-publish","4":"has-post-thumbnail","6":"product_cat-d","7":"pa_packungsgroesse-150ml","9":"first","10":"instock","11":"shipping-taxable","12":"purchasable","13":"product-type-simple"},"acf":[],"_links":{"self":[{"href":"https:\/\/www.ernstbrunn-apotheke.at\/katalog\/wp-json\/wp\/v2\/product\/56358","targetHints":{"allow":["GET"]}}],"collection":[{"href":"https:\/\/www.ernstbrunn-apotheke.at\/katalog\/wp-json\/wp\/v2\/product"}],"about":[{"href":"https:\/\/www.ernstbrunn-apotheke.at\/katalog\/wp-json\/wp\/v2\/types\/product"}],"wp:featuredmedia":[{"embeddable":true,"href":"https:\/\/www.ernstbrunn-apotheke.at\/katalog\/wp-json\/wp\/v2\/media\/56360"}],"wp:attachment":[{"href":"https:\/\/www.ernstbrunn-apotheke.at\/katalog\/wp-json\/wp\/v2\/media?parent=56358"}],"wp:term":[{"taxonomy":"product_brand","embeddable":true,"href":"https:\/\/www.ernstbrunn-apotheke.at\/katalog\/wp-json\/wp\/v2\/product_brand?post=56358"},{"taxonomy":"product_cat","embeddable":true,"href":"https:\/\/www.ernstbrunn-apotheke.at\/katalog\/wp-json\/wp\/v2\/product_cat?post=56358"},{"taxonomy":"product_tag","embeddable":true,"href":"https:\/\/www.ernstbrunn-apotheke.at\/katalog\/wp-json\/wp\/v2\/product_tag?post=56358"}],"curies":[{"name":"wp","href":"https:\/\/api.w.org\/{rel}","templated":true}]}}