{"id":56334,"date":"2025-11-10T20:47:18","date_gmt":"2025-11-10T19:47:18","guid":{"rendered":"https:\/\/www.ernstbrunn-apotheke.at\/katalog\/produkt\/dr-jacobs-basengold-kautabletten-k2-126-stk\/"},"modified":"2025-12-08T17:02:13","modified_gmt":"2025-12-08T16:02:13","slug":"dr-jacobs-basengold-kautabletten-k2-126-stk","status":"publish","type":"product","link":"https:\/\/www.ernstbrunn-apotheke.at\/katalog\/produkt\/dr-jacobs-basengold-kautabletten-k2-126-stk\/","title":{"rendered":"Dr. Jacobs BasenGOLD Kautabletten K2 126 Stk."},"content":{"rendered":"<p>Die original Dr. Jacob\u2019s Basenrezeptur (organisch gebundenes Kalium, Magnesium, Zink und Calcium) wird erg\u00e4nzt durch Vitamin C, D3, K2 und B1 sowie Bor und Silicium. W\u00e4hrend das enthaltene Vitamin K2 (doppelt mikroverkapselt) die knochenerhaltende Wirkung von Calcium und Magnesium erg\u00e4nzt, unterst\u00fctzt Vitamin C die normale Bildung von Kollagenfasern f\u00fcr eine normale Knorpel-Funktion. Dr. Jacob\u2019s BasenGOLD l\u00e4sst sich besonders einfach und bequem einnehmen. F\u00fcr diejenigen, die ungerne Tabletten schlucken ist die leckere Kautablette optimal geeignet<\/p>\n","protected":false},"excerpt":{"rendered":"<p>Die original Dr. Jacob\u2019s Basenrezeptur (organisch gebundenes Kalium, Magnesium, Zink und Calcium) wird erg\u00e4nzt durch Vitamin C, D3, K2 und B1 sowie Bor und Silicium. W\u00e4hrend das enthaltene Vitamin K2 (doppelt mikroverkapselt) die knochenerhaltende Wirkung von Calcium und Magnesium erg\u00e4nzt, unterst\u00fctzt Vitamin C die normale Bildung von Kollagenfasern f\u00fcr eine normale Knorpel-Funktion. Dr. Jacob\u2019s BasenGOLD [&hellip;]<\/p>\n","protected":false},"featured_media":56336,"template":"","meta":{"_acf_changed":false},"product_brand":[433],"product_cat":[792],"product_tag":[],"class_list":{"0":"post-56334","1":"product","2":"type-product","3":"status-publish","4":"has-post-thumbnail","6":"product_brand-dr-jacobs","7":"product_cat-d","8":"pa_packungsgroesse-126-stueck","10":"first","11":"instock","12":"shipping-taxable","13":"purchasable","14":"product-type-simple"},"acf":[],"_links":{"self":[{"href":"https:\/\/www.ernstbrunn-apotheke.at\/katalog\/wp-json\/wp\/v2\/product\/56334","targetHints":{"allow":["GET"]}}],"collection":[{"href":"https:\/\/www.ernstbrunn-apotheke.at\/katalog\/wp-json\/wp\/v2\/product"}],"about":[{"href":"https:\/\/www.ernstbrunn-apotheke.at\/katalog\/wp-json\/wp\/v2\/types\/product"}],"wp:featuredmedia":[{"embeddable":true,"href":"https:\/\/www.ernstbrunn-apotheke.at\/katalog\/wp-json\/wp\/v2\/media\/56336"}],"wp:attachment":[{"href":"https:\/\/www.ernstbrunn-apotheke.at\/katalog\/wp-json\/wp\/v2\/media?parent=56334"}],"wp:term":[{"taxonomy":"product_brand","embeddable":true,"href":"https:\/\/www.ernstbrunn-apotheke.at\/katalog\/wp-json\/wp\/v2\/product_brand?post=56334"},{"taxonomy":"product_cat","embeddable":true,"href":"https:\/\/www.ernstbrunn-apotheke.at\/katalog\/wp-json\/wp\/v2\/product_cat?post=56334"},{"taxonomy":"product_tag","embeddable":true,"href":"https:\/\/www.ernstbrunn-apotheke.at\/katalog\/wp-json\/wp\/v2\/product_tag?post=56334"}],"curies":[{"name":"wp","href":"https:\/\/api.w.org\/{rel}","templated":true}]}}