{"id":56324,"date":"2025-11-10T20:47:18","date_gmt":"2025-11-10T19:47:18","guid":{"rendered":"https:\/\/www.ernstbrunn-apotheke.at\/katalog\/produkt\/figureform-basen-mineralpulver-express-200-g\/"},"modified":"2025-12-08T17:02:12","modified_gmt":"2025-12-08T16:02:12","slug":"figureform-basen-mineralpulver-express-200-g","status":"publish","type":"product","link":"https:\/\/www.ernstbrunn-apotheke.at\/katalog\/produkt\/figureform-basen-mineralpulver-express-200-g\/","title":{"rendered":"Figureform Basen Mineralpulver Express 200 g"},"content":{"rendered":"<p>Figureform Basen-Mineralpulver Express ist ein konzentriertes, ausgewogenes Nahrungserg\u00e4nzungsmittel. Es gleicht s\u00e4mtliche \u00dcbers\u00e4uerungszust\u00e4nde schnell aus und ist auch ideal bei ern\u00e4hrungsbedingtem V\u00f6llegef\u00fchl und Sodbrennen.<\/p>\n","protected":false},"excerpt":{"rendered":"<p>Figureform Basen-Mineralpulver Express ist ein konzentriertes, ausgewogenes Nahrungserg\u00e4nzungsmittel. Es gleicht s\u00e4mtliche \u00dcbers\u00e4uerungszust\u00e4nde schnell aus und ist auch ideal bei ern\u00e4hrungsbedingtem V\u00f6llegef\u00fchl und Sodbrennen.<\/p>\n","protected":false},"featured_media":56326,"template":"","meta":{"_acf_changed":false},"product_brand":[],"product_cat":[809],"product_tag":[],"class_list":{"0":"post-56324","1":"product","2":"type-product","3":"status-publish","4":"has-post-thumbnail","6":"product_cat-f","7":"pa_packungsgroesse-200g","9":"first","10":"instock","11":"shipping-taxable","12":"purchasable","13":"product-type-simple"},"acf":[],"_links":{"self":[{"href":"https:\/\/www.ernstbrunn-apotheke.at\/katalog\/wp-json\/wp\/v2\/product\/56324","targetHints":{"allow":["GET"]}}],"collection":[{"href":"https:\/\/www.ernstbrunn-apotheke.at\/katalog\/wp-json\/wp\/v2\/product"}],"about":[{"href":"https:\/\/www.ernstbrunn-apotheke.at\/katalog\/wp-json\/wp\/v2\/types\/product"}],"wp:featuredmedia":[{"embeddable":true,"href":"https:\/\/www.ernstbrunn-apotheke.at\/katalog\/wp-json\/wp\/v2\/media\/56326"}],"wp:attachment":[{"href":"https:\/\/www.ernstbrunn-apotheke.at\/katalog\/wp-json\/wp\/v2\/media?parent=56324"}],"wp:term":[{"taxonomy":"product_brand","embeddable":true,"href":"https:\/\/www.ernstbrunn-apotheke.at\/katalog\/wp-json\/wp\/v2\/product_brand?post=56324"},{"taxonomy":"product_cat","embeddable":true,"href":"https:\/\/www.ernstbrunn-apotheke.at\/katalog\/wp-json\/wp\/v2\/product_cat?post=56324"},{"taxonomy":"product_tag","embeddable":true,"href":"https:\/\/www.ernstbrunn-apotheke.at\/katalog\/wp-json\/wp\/v2\/product_tag?post=56324"}],"curies":[{"name":"wp","href":"https:\/\/api.w.org\/{rel}","templated":true}]}}