{"id":56231,"date":"2025-11-10T20:45:32","date_gmt":"2025-11-10T19:45:32","guid":{"rendered":"https:\/\/www.ernstbrunn-apotheke.at\/katalog\/produkt\/zeolith-pulver\/"},"modified":"2025-12-08T17:01:56","modified_gmt":"2025-12-08T16:01:56","slug":"zeolith-pulver","status":"publish","type":"product","link":"https:\/\/www.ernstbrunn-apotheke.at\/katalog\/produkt\/zeolith-pulver\/","title":{"rendered":"Zeolith Pulver"},"content":{"rendered":"<p>Gall Pharma Zeolith Pulver 100 g bindet die in den Zellen entstandenen Schlackenstoffe an sich und leitet diese \u00fcber den Magen-Darm-Trakt aus dem K\u00f6rper. Durch diesen Vorgang werden wichtige Organe wie Leber, Niere oder Darm entlastet. Die regelm\u00e4\u00dfige Einnahme von Zeolith st\u00e4rkt das Immunsystem des K\u00f6rpers und steigert die Leistungsf\u00e4higkeit beim Sport. Entstanden ist das Naturmineral vor einigen Millionen Jahren, dabei hat sich vulkanische Lavaasche an K\u00fcsten in Meeresn\u00e4he abgelagert \u2013 jetzt Spitzenprodukte von Gall Pharma mit hohem Rabatt bestellen!<\/p>\n","protected":false},"excerpt":{"rendered":"<p>Gall Pharma Zeolith Pulver 100 g bindet die in den Zellen entstandenen Schlackenstoffe an sich und leitet diese \u00fcber den Magen-Darm-Trakt aus dem K\u00f6rper. Durch diesen Vorgang werden wichtige Organe wie Leber, Niere oder Darm entlastet. Die regelm\u00e4\u00dfige Einnahme von Zeolith st\u00e4rkt das Immunsystem des K\u00f6rpers und steigert die Leistungsf\u00e4higkeit beim Sport. Entstanden ist das [&hellip;]<\/p>\n","protected":false},"featured_media":56233,"template":"","meta":{"_acf_changed":false},"product_brand":[],"product_cat":[803],"product_tag":[],"class_list":{"0":"post-56231","1":"product","2":"type-product","3":"status-publish","4":"has-post-thumbnail","6":"product_cat-z","7":"pa_packungsgroesse-100g","9":"first","10":"instock","11":"shipping-taxable","12":"purchasable","13":"product-type-simple"},"acf":[],"_links":{"self":[{"href":"https:\/\/www.ernstbrunn-apotheke.at\/katalog\/wp-json\/wp\/v2\/product\/56231","targetHints":{"allow":["GET"]}}],"collection":[{"href":"https:\/\/www.ernstbrunn-apotheke.at\/katalog\/wp-json\/wp\/v2\/product"}],"about":[{"href":"https:\/\/www.ernstbrunn-apotheke.at\/katalog\/wp-json\/wp\/v2\/types\/product"}],"wp:featuredmedia":[{"embeddable":true,"href":"https:\/\/www.ernstbrunn-apotheke.at\/katalog\/wp-json\/wp\/v2\/media\/56233"}],"wp:attachment":[{"href":"https:\/\/www.ernstbrunn-apotheke.at\/katalog\/wp-json\/wp\/v2\/media?parent=56231"}],"wp:term":[{"taxonomy":"product_brand","embeddable":true,"href":"https:\/\/www.ernstbrunn-apotheke.at\/katalog\/wp-json\/wp\/v2\/product_brand?post=56231"},{"taxonomy":"product_cat","embeddable":true,"href":"https:\/\/www.ernstbrunn-apotheke.at\/katalog\/wp-json\/wp\/v2\/product_cat?post=56231"},{"taxonomy":"product_tag","embeddable":true,"href":"https:\/\/www.ernstbrunn-apotheke.at\/katalog\/wp-json\/wp\/v2\/product_tag?post=56231"}],"curies":[{"name":"wp","href":"https:\/\/api.w.org\/{rel}","templated":true}]}}