{"id":56221,"date":"2025-11-10T20:44:36","date_gmt":"2025-11-10T19:44:36","guid":{"rendered":"https:\/\/www.ernstbrunn-apotheke.at\/katalog\/produkt\/basica-abs-original-vital-granulat-800-g\/"},"modified":"2025-12-08T17:01:54","modified_gmt":"2025-12-08T16:01:54","slug":"basica-abs-original-vital-granulat-800-g","status":"publish","type":"product","link":"https:\/\/www.ernstbrunn-apotheke.at\/katalog\/produkt\/basica-abs-original-vital-granulat-800-g\/","title":{"rendered":"Basica Abs Original Vital Granulat 800 g"},"content":{"rendered":"<p>Basica Abs Original Vital Granulat ist zum Einr\u00fchren in Speisen, auch zum Kochen oder Backen geeignet. Das geschmacksneutrale und hitzebest\u00e4ndige Granulat enth\u00e4lt Lactose und ist zudem jodfrei, glutenfrei, sowie frei von Aroma- und S\u00fc\u00dfstoffen.<\/p>\n","protected":false},"excerpt":{"rendered":"<p>Basica Abs Original Vital Granulat ist zum Einr\u00fchren in Speisen, auch zum Kochen oder Backen geeignet. Das geschmacksneutrale und hitzebest\u00e4ndige Granulat enth\u00e4lt Lactose und ist zudem jodfrei, glutenfrei, sowie frei von Aroma- und S\u00fc\u00dfstoffen.<\/p>\n","protected":false},"featured_media":56223,"template":"","meta":{"_acf_changed":false},"product_brand":[1074],"product_cat":[802],"product_tag":[],"class_list":{"0":"post-56221","1":"product","2":"type-product","3":"status-publish","4":"has-post-thumbnail","6":"product_brand-basica","7":"product_cat-b","8":"pa_packungsgroesse-800g","10":"first","11":"instock","12":"shipping-taxable","13":"purchasable","14":"product-type-simple"},"acf":[],"_links":{"self":[{"href":"https:\/\/www.ernstbrunn-apotheke.at\/katalog\/wp-json\/wp\/v2\/product\/56221","targetHints":{"allow":["GET"]}}],"collection":[{"href":"https:\/\/www.ernstbrunn-apotheke.at\/katalog\/wp-json\/wp\/v2\/product"}],"about":[{"href":"https:\/\/www.ernstbrunn-apotheke.at\/katalog\/wp-json\/wp\/v2\/types\/product"}],"wp:featuredmedia":[{"embeddable":true,"href":"https:\/\/www.ernstbrunn-apotheke.at\/katalog\/wp-json\/wp\/v2\/media\/56223"}],"wp:attachment":[{"href":"https:\/\/www.ernstbrunn-apotheke.at\/katalog\/wp-json\/wp\/v2\/media?parent=56221"}],"wp:term":[{"taxonomy":"product_brand","embeddable":true,"href":"https:\/\/www.ernstbrunn-apotheke.at\/katalog\/wp-json\/wp\/v2\/product_brand?post=56221"},{"taxonomy":"product_cat","embeddable":true,"href":"https:\/\/www.ernstbrunn-apotheke.at\/katalog\/wp-json\/wp\/v2\/product_cat?post=56221"},{"taxonomy":"product_tag","embeddable":true,"href":"https:\/\/www.ernstbrunn-apotheke.at\/katalog\/wp-json\/wp\/v2\/product_tag?post=56221"}],"curies":[{"name":"wp","href":"https:\/\/api.w.org\/{rel}","templated":true}]}}