{"id":56150,"date":"2025-11-10T20:43:49","date_gmt":"2025-11-10T19:43:49","guid":{"rendered":"https:\/\/www.ernstbrunn-apotheke.at\/katalog\/produkt\/figureform-basenkapseln-700-mg\/"},"modified":"2025-12-08T17:01:40","modified_gmt":"2025-12-08T16:01:40","slug":"figureform-basenkapseln-700-mg","status":"publish","type":"product","link":"https:\/\/www.ernstbrunn-apotheke.at\/katalog\/produkt\/figureform-basenkapseln-700-mg\/","title":{"rendered":"Figureform Basenkapseln 700 mg"},"content":{"rendered":"<p>Figureform Basenkaspeln sind ein Nahrungserg\u00e4nzungsmittel zur Entgiftung, Entschlackung und Ents\u00e4uerung des K\u00f6rpers \u2013 jetzt auf Rechnung bestellen, Sie bezahlen, wenn Sie mit dem Ablauf Ihrer Bestellung 100% zufrieden sind!<\/p>\n","protected":false},"excerpt":{"rendered":"<p>Figureform Basenkaspeln sind ein Nahrungserg\u00e4nzungsmittel zur Entgiftung, Entschlackung und Ents\u00e4uerung des K\u00f6rpers \u2013 jetzt auf Rechnung bestellen, Sie bezahlen, wenn Sie mit dem Ablauf Ihrer Bestellung 100% zufrieden sind!<\/p>\n","protected":false},"featured_media":56152,"template":"","meta":{"_acf_changed":false},"product_brand":[],"product_cat":[809],"product_tag":[],"class_list":{"0":"post-56150","1":"product","2":"type-product","3":"status-publish","4":"has-post-thumbnail","6":"product_cat-f","7":"pa_packungsgroesse-180-stueck","8":"pa_packungsgroesse-90-stueck","10":"first","11":"instock","12":"shipping-taxable","13":"purchasable","14":"product-type-simple"},"acf":[],"_links":{"self":[{"href":"https:\/\/www.ernstbrunn-apotheke.at\/katalog\/wp-json\/wp\/v2\/product\/56150","targetHints":{"allow":["GET"]}}],"collection":[{"href":"https:\/\/www.ernstbrunn-apotheke.at\/katalog\/wp-json\/wp\/v2\/product"}],"about":[{"href":"https:\/\/www.ernstbrunn-apotheke.at\/katalog\/wp-json\/wp\/v2\/types\/product"}],"wp:featuredmedia":[{"embeddable":true,"href":"https:\/\/www.ernstbrunn-apotheke.at\/katalog\/wp-json\/wp\/v2\/media\/56152"}],"wp:attachment":[{"href":"https:\/\/www.ernstbrunn-apotheke.at\/katalog\/wp-json\/wp\/v2\/media?parent=56150"}],"wp:term":[{"taxonomy":"product_brand","embeddable":true,"href":"https:\/\/www.ernstbrunn-apotheke.at\/katalog\/wp-json\/wp\/v2\/product_brand?post=56150"},{"taxonomy":"product_cat","embeddable":true,"href":"https:\/\/www.ernstbrunn-apotheke.at\/katalog\/wp-json\/wp\/v2\/product_cat?post=56150"},{"taxonomy":"product_tag","embeddable":true,"href":"https:\/\/www.ernstbrunn-apotheke.at\/katalog\/wp-json\/wp\/v2\/product_tag?post=56150"}],"curies":[{"name":"wp","href":"https:\/\/api.w.org\/{rel}","templated":true}]}}