{"id":56130,"date":"2025-11-10T20:42:56","date_gmt":"2025-11-10T19:42:56","guid":{"rendered":"https:\/\/www.ernstbrunn-apotheke.at\/katalog\/produkt\/basica-abs-original-compact-tabletten-120-stk\/"},"modified":"2025-12-08T17:01:36","modified_gmt":"2025-12-08T16:01:36","slug":"basica-abs-original-compact-tabletten-120-stk","status":"publish","type":"product","link":"https:\/\/www.ernstbrunn-apotheke.at\/katalog\/produkt\/basica-abs-original-compact-tabletten-120-stk\/","title":{"rendered":"Basica Abs Original Compact Tabletten 120 Stk."},"content":{"rendered":"<p>Basica Abs Original Compact Tabletten sind kleine, leicht zu schluckende, geschmacksneutrale Tabletten in einem optimalen Calcium-Magnesium-Verh\u00e4ltnis 3 : 1. Die Tabletten sind ohne Jod, Gluten und Lactose, sowie frei von S\u00fc\u00dfstoffen.<\/p>\n","protected":false},"excerpt":{"rendered":"<p>Basica Abs Original Compact Tabletten sind kleine, leicht zu schluckende, geschmacksneutrale Tabletten in einem optimalen Calcium-Magnesium-Verh\u00e4ltnis 3 : 1. Die Tabletten sind ohne Jod, Gluten und Lactose, sowie frei von S\u00fc\u00dfstoffen.<\/p>\n","protected":false},"featured_media":56132,"template":"","meta":{"_acf_changed":false},"product_brand":[1074],"product_cat":[802],"product_tag":[],"class_list":{"0":"post-56130","1":"product","2":"type-product","3":"status-publish","4":"has-post-thumbnail","6":"product_brand-basica","7":"product_cat-b","8":"pa_packungsgroesse-120-stueck","9":"pa_packungsgroesse-360-stueck","11":"first","12":"instock","13":"shipping-taxable","14":"purchasable","15":"product-type-simple"},"acf":[],"_links":{"self":[{"href":"https:\/\/www.ernstbrunn-apotheke.at\/katalog\/wp-json\/wp\/v2\/product\/56130","targetHints":{"allow":["GET"]}}],"collection":[{"href":"https:\/\/www.ernstbrunn-apotheke.at\/katalog\/wp-json\/wp\/v2\/product"}],"about":[{"href":"https:\/\/www.ernstbrunn-apotheke.at\/katalog\/wp-json\/wp\/v2\/types\/product"}],"wp:featuredmedia":[{"embeddable":true,"href":"https:\/\/www.ernstbrunn-apotheke.at\/katalog\/wp-json\/wp\/v2\/media\/56132"}],"wp:attachment":[{"href":"https:\/\/www.ernstbrunn-apotheke.at\/katalog\/wp-json\/wp\/v2\/media?parent=56130"}],"wp:term":[{"taxonomy":"product_brand","embeddable":true,"href":"https:\/\/www.ernstbrunn-apotheke.at\/katalog\/wp-json\/wp\/v2\/product_brand?post=56130"},{"taxonomy":"product_cat","embeddable":true,"href":"https:\/\/www.ernstbrunn-apotheke.at\/katalog\/wp-json\/wp\/v2\/product_cat?post=56130"},{"taxonomy":"product_tag","embeddable":true,"href":"https:\/\/www.ernstbrunn-apotheke.at\/katalog\/wp-json\/wp\/v2\/product_tag?post=56130"}],"curies":[{"name":"wp","href":"https:\/\/api.w.org\/{rel}","templated":true}]}}