{"id":56110,"date":"2025-11-10T20:42:56","date_gmt":"2025-11-10T19:42:56","guid":{"rendered":"https:\/\/www.ernstbrunn-apotheke.at\/katalog\/produkt\/pascoe-basenpulver-balance-260-g-pulver\/"},"modified":"2025-12-08T17:01:33","modified_gmt":"2025-12-08T16:01:33","slug":"pascoe-basenpulver-balance-260-g-pulver","status":"publish","type":"product","link":"https:\/\/www.ernstbrunn-apotheke.at\/katalog\/produkt\/pascoe-basenpulver-balance-260-g-pulver\/","title":{"rendered":"Pascoe Basenpulver Balance 260 g Pulver"},"content":{"rendered":"<p>Das Basenpulver Balance von Pascoe Vital ist ein Nahrungserg\u00e4nzungsmittel mit Zink zur Unterst\u00fctzung des S\u00e4ure-Base-Haushaltes. Zink dient der Erhaltung sch\u00f6ner Haare, N\u00e4gel und Haut und unterst\u00fctzt die Erhaltung normaler Sehrkraft. Weiterhin wirkt sich Zink positiv auf die Funktionsweise des Immunsystems aus und hilft beim Schutz der Zellen vor oxidativem Stress. Das im Pulver ebenfalls enthaltene Calcium, Magnesium und Kalium werden f\u00fcr den Energiestoffwechsel, sowie f\u00fcr gesunde Muskeln und Knochen ben\u00f6tigt..<\/p>\n","protected":false},"excerpt":{"rendered":"<p>Das Basenpulver Balance von Pascoe Vital ist ein Nahrungserg\u00e4nzungsmittel mit Zink zur Unterst\u00fctzung des S\u00e4ure-Base-Haushaltes. Zink dient der Erhaltung sch\u00f6ner Haare, N\u00e4gel und Haut und unterst\u00fctzt die Erhaltung normaler Sehrkraft. Weiterhin wirkt sich Zink positiv auf die Funktionsweise des Immunsystems aus und hilft beim Schutz der Zellen vor oxidativem Stress. Das im Pulver ebenfalls enthaltene [&hellip;]<\/p>\n","protected":false},"featured_media":56112,"template":"","meta":{"_acf_changed":false},"product_brand":[],"product_cat":[793],"product_tag":[],"class_list":{"0":"post-56110","1":"product","2":"type-product","3":"status-publish","4":"has-post-thumbnail","6":"product_cat-p","7":"pa_packungsgroesse-260g","9":"first","10":"instock","11":"shipping-taxable","12":"purchasable","13":"product-type-simple"},"acf":[],"_links":{"self":[{"href":"https:\/\/www.ernstbrunn-apotheke.at\/katalog\/wp-json\/wp\/v2\/product\/56110","targetHints":{"allow":["GET"]}}],"collection":[{"href":"https:\/\/www.ernstbrunn-apotheke.at\/katalog\/wp-json\/wp\/v2\/product"}],"about":[{"href":"https:\/\/www.ernstbrunn-apotheke.at\/katalog\/wp-json\/wp\/v2\/types\/product"}],"wp:featuredmedia":[{"embeddable":true,"href":"https:\/\/www.ernstbrunn-apotheke.at\/katalog\/wp-json\/wp\/v2\/media\/56112"}],"wp:attachment":[{"href":"https:\/\/www.ernstbrunn-apotheke.at\/katalog\/wp-json\/wp\/v2\/media?parent=56110"}],"wp:term":[{"taxonomy":"product_brand","embeddable":true,"href":"https:\/\/www.ernstbrunn-apotheke.at\/katalog\/wp-json\/wp\/v2\/product_brand?post=56110"},{"taxonomy":"product_cat","embeddable":true,"href":"https:\/\/www.ernstbrunn-apotheke.at\/katalog\/wp-json\/wp\/v2\/product_cat?post=56110"},{"taxonomy":"product_tag","embeddable":true,"href":"https:\/\/www.ernstbrunn-apotheke.at\/katalog\/wp-json\/wp\/v2\/product_tag?post=56110"}],"curies":[{"name":"wp","href":"https:\/\/api.w.org\/{rel}","templated":true}]}}