{"id":56106,"date":"2025-11-10T20:42:56","date_gmt":"2025-11-10T19:42:56","guid":{"rendered":"https:\/\/www.ernstbrunn-apotheke.at\/katalog\/produkt\/apremia-basen-kapseln-60-stk\/"},"modified":"2025-12-08T17:01:31","modified_gmt":"2025-12-08T16:01:31","slug":"apremia-basen-kapseln-60-stk","status":"publish","type":"product","link":"https:\/\/www.ernstbrunn-apotheke.at\/katalog\/produkt\/apremia-basen-kapseln-60-stk\/","title":{"rendered":"Apremia Basen Kapseln 60 Stk."},"content":{"rendered":"<p>Apremia Basen Kapseln enthalten ein ausgewogenes Verh\u00e4ltnis lebenswichtiger Mineralien. Bestimmte s\u00e4urelastige Ern\u00e4hrungsformen f\u00fchren zu einem erh\u00f6hten Verbrauch von puffernden Mineralstoffen aus dem Knochenreservoir. Daher erweist sich die Verabreichung dieser Kapseln als positiv.<\/p>\n","protected":false},"excerpt":{"rendered":"<p>Apremia Basen Kapseln enthalten ein ausgewogenes Verh\u00e4ltnis lebenswichtiger Mineralien. Bestimmte s\u00e4urelastige Ern\u00e4hrungsformen f\u00fchren zu einem erh\u00f6hten Verbrauch von puffernden Mineralstoffen aus dem Knochenreservoir. Daher erweist sich die Verabreichung dieser Kapseln als positiv.<\/p>\n","protected":false},"featured_media":56108,"template":"","meta":{"_acf_changed":false},"product_brand":[432],"product_cat":[801],"product_tag":[],"class_list":{"0":"post-56106","1":"product","2":"type-product","3":"status-publish","4":"has-post-thumbnail","6":"product_brand-apremia","7":"product_cat-a","8":"pa_packungsgroesse-60-stueck","10":"first","11":"instock","12":"shipping-taxable","13":"purchasable","14":"product-type-simple"},"acf":[],"_links":{"self":[{"href":"https:\/\/www.ernstbrunn-apotheke.at\/katalog\/wp-json\/wp\/v2\/product\/56106","targetHints":{"allow":["GET"]}}],"collection":[{"href":"https:\/\/www.ernstbrunn-apotheke.at\/katalog\/wp-json\/wp\/v2\/product"}],"about":[{"href":"https:\/\/www.ernstbrunn-apotheke.at\/katalog\/wp-json\/wp\/v2\/types\/product"}],"wp:featuredmedia":[{"embeddable":true,"href":"https:\/\/www.ernstbrunn-apotheke.at\/katalog\/wp-json\/wp\/v2\/media\/56108"}],"wp:attachment":[{"href":"https:\/\/www.ernstbrunn-apotheke.at\/katalog\/wp-json\/wp\/v2\/media?parent=56106"}],"wp:term":[{"taxonomy":"product_brand","embeddable":true,"href":"https:\/\/www.ernstbrunn-apotheke.at\/katalog\/wp-json\/wp\/v2\/product_brand?post=56106"},{"taxonomy":"product_cat","embeddable":true,"href":"https:\/\/www.ernstbrunn-apotheke.at\/katalog\/wp-json\/wp\/v2\/product_cat?post=56106"},{"taxonomy":"product_tag","embeddable":true,"href":"https:\/\/www.ernstbrunn-apotheke.at\/katalog\/wp-json\/wp\/v2\/product_tag?post=56106"}],"curies":[{"name":"wp","href":"https:\/\/api.w.org\/{rel}","templated":true}]}}