{"id":56096,"date":"2025-11-10T20:41:56","date_gmt":"2025-11-10T19:41:56","guid":{"rendered":"https:\/\/www.ernstbrunn-apotheke.at\/katalog\/produkt\/panaceo-care-basen-bad-zeolith-360-g\/"},"modified":"2025-12-08T17:01:29","modified_gmt":"2025-12-08T16:01:29","slug":"panaceo-care-basen-bad-zeolith-360-g","status":"publish","type":"product","link":"https:\/\/www.ernstbrunn-apotheke.at\/katalog\/produkt\/panaceo-care-basen-bad-zeolith-360-g\/","title":{"rendered":"PANACEO Care Basen Bad Zeolith 360 g"},"content":{"rendered":"<p>Panaceo Zeolith Basenbad 360 g ist ideal zur Unterst\u00fctzung der nat\u00fcrlichen Funktion der Haut als Ausscheidungsorgan. Stress und Hektik, erh\u00f6hter Leistungsdruck, Reiz\u00fcberflutung sowie Umwelt- und Nahrungsmittelgifte beg\u00fcnstigen die \u00dcbers\u00e4uerung des Organismus. Panaceo Zeolith Basenbad unterst\u00fctzt den Abtransport von bereits \u00fcber die Haut ausgeschiedenen S\u00e4uren, reaktiviert die nat\u00fcrliche Schutzfunktion der Haut  und verleiht ein angenehmes Hautgef\u00fchl.<\/p>\n","protected":false},"excerpt":{"rendered":"<p>Panaceo Zeolith Basenbad 360 g ist ideal zur Unterst\u00fctzung der nat\u00fcrlichen Funktion der Haut als Ausscheidungsorgan. Stress und Hektik, erh\u00f6hter Leistungsdruck, Reiz\u00fcberflutung sowie Umwelt- und Nahrungsmittelgifte beg\u00fcnstigen die \u00dcbers\u00e4uerung des Organismus. Panaceo Zeolith Basenbad unterst\u00fctzt den Abtransport von bereits \u00fcber die Haut ausgeschiedenen S\u00e4uren, reaktiviert die nat\u00fcrliche Schutzfunktion der Haut und verleiht ein angenehmes Hautgef\u00fchl.<\/p>\n","protected":false},"featured_media":56098,"template":"","meta":{"_acf_changed":false},"product_brand":[1073],"product_cat":[793],"product_tag":[],"class_list":{"0":"post-56096","1":"product","2":"type-product","3":"status-publish","4":"has-post-thumbnail","6":"product_brand-panaceo","7":"product_cat-p","8":"pa_packungsgroesse-360g","9":"pa_packungsgroesse-800g","11":"first","12":"instock","13":"shipping-taxable","14":"purchasable","15":"product-type-simple"},"acf":[],"_links":{"self":[{"href":"https:\/\/www.ernstbrunn-apotheke.at\/katalog\/wp-json\/wp\/v2\/product\/56096","targetHints":{"allow":["GET"]}}],"collection":[{"href":"https:\/\/www.ernstbrunn-apotheke.at\/katalog\/wp-json\/wp\/v2\/product"}],"about":[{"href":"https:\/\/www.ernstbrunn-apotheke.at\/katalog\/wp-json\/wp\/v2\/types\/product"}],"wp:featuredmedia":[{"embeddable":true,"href":"https:\/\/www.ernstbrunn-apotheke.at\/katalog\/wp-json\/wp\/v2\/media\/56098"}],"wp:attachment":[{"href":"https:\/\/www.ernstbrunn-apotheke.at\/katalog\/wp-json\/wp\/v2\/media?parent=56096"}],"wp:term":[{"taxonomy":"product_brand","embeddable":true,"href":"https:\/\/www.ernstbrunn-apotheke.at\/katalog\/wp-json\/wp\/v2\/product_brand?post=56096"},{"taxonomy":"product_cat","embeddable":true,"href":"https:\/\/www.ernstbrunn-apotheke.at\/katalog\/wp-json\/wp\/v2\/product_cat?post=56096"},{"taxonomy":"product_tag","embeddable":true,"href":"https:\/\/www.ernstbrunn-apotheke.at\/katalog\/wp-json\/wp\/v2\/product_tag?post=56096"}],"curies":[{"name":"wp","href":"https:\/\/api.w.org\/{rel}","templated":true}]}}