{"id":56086,"date":"2025-11-10T20:41:56","date_gmt":"2025-11-10T19:41:56","guid":{"rendered":"https:\/\/www.ernstbrunn-apotheke.at\/katalog\/produkt\/basica-instantpulver-orangengeschmack\/"},"modified":"2025-12-08T17:01:27","modified_gmt":"2025-12-08T16:01:27","slug":"basica-instantpulver-orangengeschmack","status":"publish","type":"product","link":"https:\/\/www.ernstbrunn-apotheke.at\/katalog\/produkt\/basica-instantpulver-orangengeschmack\/","title":{"rendered":"Basica Instantpulver Orangengeschmack"},"content":{"rendered":"<p>Basica Instant mit seinem fruchtig-frischen Geschmack liefert einmal t\u00e4glich eine ausgewogene Kombination basischer Vitalstoffe und Spurenelemente f\u00fcr den Ausgleich Ihres S\u00e4ure-Basen-Haushaltes. Zus\u00e4tzlich enth\u00e4lt das Pulver die Vitamine C und B2.<\/p>\n","protected":false},"excerpt":{"rendered":"<p>Basica Instant mit seinem fruchtig-frischen Geschmack liefert einmal t\u00e4glich eine ausgewogene Kombination basischer Vitalstoffe und Spurenelemente f\u00fcr den Ausgleich Ihres S\u00e4ure-Basen-Haushaltes. Zus\u00e4tzlich enth\u00e4lt das Pulver die Vitamine C und B2.<\/p>\n","protected":false},"featured_media":56088,"template":"","meta":{"_acf_changed":false},"product_brand":[1074],"product_cat":[802],"product_tag":[],"class_list":{"0":"post-56086","1":"product","2":"type-product","3":"status-publish","4":"has-post-thumbnail","6":"product_brand-basica","7":"product_cat-b","8":"pa_packungsgroesse-300g","10":"first","11":"instock","12":"shipping-taxable","13":"purchasable","14":"product-type-simple"},"acf":[],"_links":{"self":[{"href":"https:\/\/www.ernstbrunn-apotheke.at\/katalog\/wp-json\/wp\/v2\/product\/56086","targetHints":{"allow":["GET"]}}],"collection":[{"href":"https:\/\/www.ernstbrunn-apotheke.at\/katalog\/wp-json\/wp\/v2\/product"}],"about":[{"href":"https:\/\/www.ernstbrunn-apotheke.at\/katalog\/wp-json\/wp\/v2\/types\/product"}],"wp:featuredmedia":[{"embeddable":true,"href":"https:\/\/www.ernstbrunn-apotheke.at\/katalog\/wp-json\/wp\/v2\/media\/56088"}],"wp:attachment":[{"href":"https:\/\/www.ernstbrunn-apotheke.at\/katalog\/wp-json\/wp\/v2\/media?parent=56086"}],"wp:term":[{"taxonomy":"product_brand","embeddable":true,"href":"https:\/\/www.ernstbrunn-apotheke.at\/katalog\/wp-json\/wp\/v2\/product_brand?post=56086"},{"taxonomy":"product_cat","embeddable":true,"href":"https:\/\/www.ernstbrunn-apotheke.at\/katalog\/wp-json\/wp\/v2\/product_cat?post=56086"},{"taxonomy":"product_tag","embeddable":true,"href":"https:\/\/www.ernstbrunn-apotheke.at\/katalog\/wp-json\/wp\/v2\/product_tag?post=56086"}],"curies":[{"name":"wp","href":"https:\/\/api.w.org\/{rel}","templated":true}]}}