{"id":56015,"date":"2025-11-10T20:41:07","date_gmt":"2025-11-10T19:41:07","guid":{"rendered":"https:\/\/www.ernstbrunn-apotheke.at\/katalog\/produkt\/dr-jacobs-basenpulver-citrate-basen-original-300-g\/"},"modified":"2025-12-08T17:01:15","modified_gmt":"2025-12-08T16:01:15","slug":"dr-jacobs-basenpulver-citrate-basen-original-300-g","status":"publish","type":"product","link":"https:\/\/www.ernstbrunn-apotheke.at\/katalog\/produkt\/dr-jacobs-basenpulver-citrate-basen-original-300-g\/","title":{"rendered":"Dr. Jacob&#8217;s Basenpulver Citrate Basen-Original 300 g"},"content":{"rendered":"<p>Dr. Jacob\u2019s Basenpulver orientiert sich an dem Vorbild der Natur. Obst und Gem\u00fcse liefern die wertvollen organischen Mineralstoffe Kalium, Calcium und Magnesium, aber nur wenig Natrium. Dr. Jacob\u2019s Basenpulver enth\u00e4lt organische Mineralstoffe aus Deutschland auf Citrat-Basis, Calcium und Magnesium im nat\u00fcrlichen Verh\u00e4ltnis von etwa 3:2, viel Kalium und besonders wenig Natrium. Der wichtigste basenbildende Mineralstoff in Obst und Gem\u00fcse sowie in unseren K\u00f6rperzellen ist Kalium.4,5 g (1 Messl\u00f6ffel) Dr. Jacob\u2019s Basenpulver haben \u2013 auch dank Kalium \u2013 den gleichen basischen PRAL-Wert (Potenzielle S\u00e4urebelastung der Nieren) wie 800 g Gem\u00fcse und Obst. So kann nur 1 Messl\u00f6ffel Dr. Jacob\u2019s Basenpulver die typische S\u00e4urelast der deutschen Durchschnittsbev\u00f6lkerung ausgleichen.<\/p>\n","protected":false},"excerpt":{"rendered":"<p>Dr. Jacob\u2019s Basenpulver orientiert sich an dem Vorbild der Natur. Obst und Gem\u00fcse liefern die wertvollen organischen Mineralstoffe Kalium, Calcium und Magnesium, aber nur wenig Natrium. Dr. Jacob\u2019s Basenpulver enth\u00e4lt organische Mineralstoffe aus Deutschland auf Citrat-Basis, Calcium und Magnesium im nat\u00fcrlichen Verh\u00e4ltnis von etwa 3:2, viel Kalium und besonders wenig Natrium. Der wichtigste basenbildende Mineralstoff [&hellip;]<\/p>\n","protected":false},"featured_media":56017,"template":"","meta":{"_acf_changed":false},"product_brand":[433],"product_cat":[792],"product_tag":[],"class_list":{"0":"post-56015","1":"product","2":"type-product","3":"status-publish","4":"has-post-thumbnail","6":"product_brand-dr-jacobs","7":"product_cat-d","8":"pa_packungsgroesse-300g","10":"first","11":"instock","12":"shipping-taxable","13":"purchasable","14":"product-type-simple"},"acf":[],"_links":{"self":[{"href":"https:\/\/www.ernstbrunn-apotheke.at\/katalog\/wp-json\/wp\/v2\/product\/56015","targetHints":{"allow":["GET"]}}],"collection":[{"href":"https:\/\/www.ernstbrunn-apotheke.at\/katalog\/wp-json\/wp\/v2\/product"}],"about":[{"href":"https:\/\/www.ernstbrunn-apotheke.at\/katalog\/wp-json\/wp\/v2\/types\/product"}],"wp:featuredmedia":[{"embeddable":true,"href":"https:\/\/www.ernstbrunn-apotheke.at\/katalog\/wp-json\/wp\/v2\/media\/56017"}],"wp:attachment":[{"href":"https:\/\/www.ernstbrunn-apotheke.at\/katalog\/wp-json\/wp\/v2\/media?parent=56015"}],"wp:term":[{"taxonomy":"product_brand","embeddable":true,"href":"https:\/\/www.ernstbrunn-apotheke.at\/katalog\/wp-json\/wp\/v2\/product_brand?post=56015"},{"taxonomy":"product_cat","embeddable":true,"href":"https:\/\/www.ernstbrunn-apotheke.at\/katalog\/wp-json\/wp\/v2\/product_cat?post=56015"},{"taxonomy":"product_tag","embeddable":true,"href":"https:\/\/www.ernstbrunn-apotheke.at\/katalog\/wp-json\/wp\/v2\/product_tag?post=56015"}],"curies":[{"name":"wp","href":"https:\/\/api.w.org\/{rel}","templated":true}]}}