{"id":55985,"date":"2025-11-10T20:40:04","date_gmt":"2025-11-10T19:40:04","guid":{"rendered":"https:\/\/www.ernstbrunn-apotheke.at\/katalog\/produkt\/dr-ewald-toeth-basen-mineralquellenprodukt-mischung-500-g\/"},"modified":"2025-12-08T17:01:10","modified_gmt":"2025-12-08T16:01:10","slug":"dr-ewald-toeth-basen-mineralquellenprodukt-mischung-500-g","status":"publish","type":"product","link":"https:\/\/www.ernstbrunn-apotheke.at\/katalog\/produkt\/dr-ewald-toeth-basen-mineralquellenprodukt-mischung-500-g\/","title":{"rendered":"Dr. Ewald T\u00f6th Basen Mineralquellenprodukt Mischung 500 g"},"content":{"rendered":"<p>Dr. Ewald T\u00f6th Basen Mineral Mischung Pulver ist ein Nahrungserg\u00e4nzungsmittel, das in der Lage ist alle 8 Haupts\u00e4fte des menschlichen K\u00f6rpers zu ents\u00e4uern und ein stabiles S\u00e4ure-Basen-Gleichgewicht im K\u00f6rper herzustellen. Das Pulver wirkt intra-, extra- und transzellul\u00e4r und ist aus nat\u00fcrlichen, basischen Mineralien zusammengestellt. .<\/p>\n","protected":false},"excerpt":{"rendered":"<p>Dr. Ewald T\u00f6th Basen Mineral Mischung Pulver ist ein Nahrungserg\u00e4nzungsmittel, das in der Lage ist alle 8 Haupts\u00e4fte des menschlichen K\u00f6rpers zu ents\u00e4uern und ein stabiles S\u00e4ure-Basen-Gleichgewicht im K\u00f6rper herzustellen. Das Pulver wirkt intra-, extra- und transzellul\u00e4r und ist aus nat\u00fcrlichen, basischen Mineralien zusammengestellt. .<\/p>\n","protected":false},"featured_media":55987,"template":"","meta":{"_acf_changed":false},"product_brand":[],"product_cat":[792],"product_tag":[],"class_list":{"0":"post-55985","1":"product","2":"type-product","3":"status-publish","4":"has-post-thumbnail","6":"product_cat-d","7":"pa_packungsgroesse-500g","9":"first","10":"instock","11":"shipping-taxable","12":"purchasable","13":"product-type-simple"},"acf":[],"_links":{"self":[{"href":"https:\/\/www.ernstbrunn-apotheke.at\/katalog\/wp-json\/wp\/v2\/product\/55985","targetHints":{"allow":["GET"]}}],"collection":[{"href":"https:\/\/www.ernstbrunn-apotheke.at\/katalog\/wp-json\/wp\/v2\/product"}],"about":[{"href":"https:\/\/www.ernstbrunn-apotheke.at\/katalog\/wp-json\/wp\/v2\/types\/product"}],"wp:featuredmedia":[{"embeddable":true,"href":"https:\/\/www.ernstbrunn-apotheke.at\/katalog\/wp-json\/wp\/v2\/media\/55987"}],"wp:attachment":[{"href":"https:\/\/www.ernstbrunn-apotheke.at\/katalog\/wp-json\/wp\/v2\/media?parent=55985"}],"wp:term":[{"taxonomy":"product_brand","embeddable":true,"href":"https:\/\/www.ernstbrunn-apotheke.at\/katalog\/wp-json\/wp\/v2\/product_brand?post=55985"},{"taxonomy":"product_cat","embeddable":true,"href":"https:\/\/www.ernstbrunn-apotheke.at\/katalog\/wp-json\/wp\/v2\/product_cat?post=55985"},{"taxonomy":"product_tag","embeddable":true,"href":"https:\/\/www.ernstbrunn-apotheke.at\/katalog\/wp-json\/wp\/v2\/product_tag?post=55985"}],"curies":[{"name":"wp","href":"https:\/\/api.w.org\/{rel}","templated":true}]}}