{"id":55945,"date":"2025-11-10T20:38:56","date_gmt":"2025-11-10T19:38:56","guid":{"rendered":"https:\/\/www.ernstbrunn-apotheke.at\/katalog\/produkt\/oekopharm-basen-mineral-kapseln-2\/"},"modified":"2025-12-08T17:01:03","modified_gmt":"2025-12-08T16:01:03","slug":"oekopharm-basen-mineral-kapseln-2","status":"publish","type":"product","link":"https:\/\/www.ernstbrunn-apotheke.at\/katalog\/produkt\/oekopharm-basen-mineral-kapseln-2\/","title":{"rendered":"\u00d6kopharm Basen Mineral Kapseln"},"content":{"rendered":"<p>Das optimal abgestimmte Komplexpr\u00e4parat BasoVital\u00ae Mineral von \u00d6kopharm\u00ae versorgt Sie mit basenspendenden Mineral stoffen und Spurenelementen f\u00fcr einen ausgewogenen S\u00e4ure-Basen-Haushalt. \u00d6kopharm BasoVital Mineral  kann dabei gezielt als Kur angewendet, aber auch in einer geringeren Dosierung dauerhaft &#13;<br \/>\neingenommen werden.<\/p>\n","protected":false},"excerpt":{"rendered":"<p>Das optimal abgestimmte Komplexpr\u00e4parat BasoVital\u00ae Mineral von \u00d6kopharm\u00ae versorgt Sie mit basenspendenden Mineral stoffen und Spurenelementen f\u00fcr einen ausgewogenen S\u00e4ure-Basen-Haushalt. \u00d6kopharm BasoVital Mineral kann dabei gezielt als Kur angewendet, aber auch in einer geringeren Dosierung dauerhaft &#13; eingenommen werden.<\/p>\n","protected":false},"featured_media":55947,"template":"","meta":{"_acf_changed":false},"product_brand":[357],"product_cat":[801],"product_tag":[],"class_list":{"0":"post-55945","1":"product","2":"type-product","3":"status-publish","4":"has-post-thumbnail","6":"product_brand-oekopharm","7":"product_cat-a","8":"pa_packungsgroesse-120-stueck","10":"first","11":"instock","12":"shipping-taxable","13":"purchasable","14":"product-type-simple"},"acf":[],"_links":{"self":[{"href":"https:\/\/www.ernstbrunn-apotheke.at\/katalog\/wp-json\/wp\/v2\/product\/55945","targetHints":{"allow":["GET"]}}],"collection":[{"href":"https:\/\/www.ernstbrunn-apotheke.at\/katalog\/wp-json\/wp\/v2\/product"}],"about":[{"href":"https:\/\/www.ernstbrunn-apotheke.at\/katalog\/wp-json\/wp\/v2\/types\/product"}],"wp:featuredmedia":[{"embeddable":true,"href":"https:\/\/www.ernstbrunn-apotheke.at\/katalog\/wp-json\/wp\/v2\/media\/55947"}],"wp:attachment":[{"href":"https:\/\/www.ernstbrunn-apotheke.at\/katalog\/wp-json\/wp\/v2\/media?parent=55945"}],"wp:term":[{"taxonomy":"product_brand","embeddable":true,"href":"https:\/\/www.ernstbrunn-apotheke.at\/katalog\/wp-json\/wp\/v2\/product_brand?post=55945"},{"taxonomy":"product_cat","embeddable":true,"href":"https:\/\/www.ernstbrunn-apotheke.at\/katalog\/wp-json\/wp\/v2\/product_cat?post=55945"},{"taxonomy":"product_tag","embeddable":true,"href":"https:\/\/www.ernstbrunn-apotheke.at\/katalog\/wp-json\/wp\/v2\/product_tag?post=55945"}],"curies":[{"name":"wp","href":"https:\/\/api.w.org\/{rel}","templated":true}]}}