{"id":55916,"date":"2025-11-10T20:38:56","date_gmt":"2025-11-10T19:38:56","guid":{"rendered":"https:\/\/www.ernstbrunn-apotheke.at\/katalog\/produkt\/oekopharm-basen-mineral-kapseln\/"},"modified":"2025-12-08T17:00:58","modified_gmt":"2025-12-08T16:00:58","slug":"oekopharm-basen-mineral-kapseln","status":"publish","type":"product","link":"https:\/\/www.ernstbrunn-apotheke.at\/katalog\/produkt\/oekopharm-basen-mineral-kapseln\/","title":{"rendered":"\u00d6kopharm Basen Mineral Kapseln"},"content":{"rendered":"<p>Das optimal abgestimmte Komplexpr\u00e4parat BasoVital\u00ae Mineral von \u00d6kopharm\u00ae Kapseln 60 Stk versorgt Sie mit basenspendenden Mineral stoffen und Spurenelementen f\u00fcr einen ausgewogenen S\u00e4ure-Basen-Haushalt. \u00d6kopharm BasoVital Mineral  kann dabei gezielt als Kur angewendet, aber auch in einer geringeren Dosierung dauerhaft &#13;<br \/>\neingenommen werden.<\/p>\n","protected":false},"excerpt":{"rendered":"<p>Das optimal abgestimmte Komplexpr\u00e4parat BasoVital\u00ae Mineral von \u00d6kopharm\u00ae Kapseln 60 Stk versorgt Sie mit basenspendenden Mineral stoffen und Spurenelementen f\u00fcr einen ausgewogenen S\u00e4ure-Basen-Haushalt. \u00d6kopharm BasoVital Mineral kann dabei gezielt als Kur angewendet, aber auch in einer geringeren Dosierung dauerhaft &#13; eingenommen werden.<\/p>\n","protected":false},"featured_media":55918,"template":"","meta":{"_acf_changed":false},"product_brand":[357],"product_cat":[801],"product_tag":[],"class_list":{"0":"post-55916","1":"product","2":"type-product","3":"status-publish","4":"has-post-thumbnail","6":"product_brand-oekopharm","7":"product_cat-a","8":"pa_packungsgroesse-60-stueck","10":"first","11":"instock","12":"shipping-taxable","13":"purchasable","14":"product-type-simple"},"acf":[],"_links":{"self":[{"href":"https:\/\/www.ernstbrunn-apotheke.at\/katalog\/wp-json\/wp\/v2\/product\/55916","targetHints":{"allow":["GET"]}}],"collection":[{"href":"https:\/\/www.ernstbrunn-apotheke.at\/katalog\/wp-json\/wp\/v2\/product"}],"about":[{"href":"https:\/\/www.ernstbrunn-apotheke.at\/katalog\/wp-json\/wp\/v2\/types\/product"}],"wp:featuredmedia":[{"embeddable":true,"href":"https:\/\/www.ernstbrunn-apotheke.at\/katalog\/wp-json\/wp\/v2\/media\/55918"}],"wp:attachment":[{"href":"https:\/\/www.ernstbrunn-apotheke.at\/katalog\/wp-json\/wp\/v2\/media?parent=55916"}],"wp:term":[{"taxonomy":"product_brand","embeddable":true,"href":"https:\/\/www.ernstbrunn-apotheke.at\/katalog\/wp-json\/wp\/v2\/product_brand?post=55916"},{"taxonomy":"product_cat","embeddable":true,"href":"https:\/\/www.ernstbrunn-apotheke.at\/katalog\/wp-json\/wp\/v2\/product_cat?post=55916"},{"taxonomy":"product_tag","embeddable":true,"href":"https:\/\/www.ernstbrunn-apotheke.at\/katalog\/wp-json\/wp\/v2\/product_tag?post=55916"}],"curies":[{"name":"wp","href":"https:\/\/api.w.org\/{rel}","templated":true}]}}