{"id":55906,"date":"2025-11-10T20:38:07","date_gmt":"2025-11-10T19:38:07","guid":{"rendered":"https:\/\/www.ernstbrunn-apotheke.at\/katalog\/produkt\/dr-boehm-basen-tabletten-plus-60-stk\/"},"modified":"2025-12-08T17:00:57","modified_gmt":"2025-12-08T16:00:57","slug":"dr-boehm-basen-tabletten-plus-60-stk","status":"publish","type":"product","link":"https:\/\/www.ernstbrunn-apotheke.at\/katalog\/produkt\/dr-boehm-basen-tabletten-plus-60-stk\/","title":{"rendered":"Dr. B\u00f6hm Basen Tabletten Plus 60 Stk."},"content":{"rendered":"<p>Dr. B\u00f6hm Basen Tabletten Plus wirken \u00dcbers\u00e4uerung entgegen und tragen zu einem normalen S\u00e4ure-Basen-Stoffwechsel bei. Ideal w\u00e4hrend einer Di\u00e4t zur Gewichtsreduktion und  beim Entschlacken.<\/p>\n","protected":false},"excerpt":{"rendered":"<p>Dr. B\u00f6hm Basen Tabletten Plus wirken \u00dcbers\u00e4uerung entgegen und tragen zu einem normalen S\u00e4ure-Basen-Stoffwechsel bei. Ideal w\u00e4hrend einer Di\u00e4t zur Gewichtsreduktion und beim Entschlacken.<\/p>\n","protected":false},"featured_media":55908,"template":"","meta":{"_acf_changed":false},"product_brand":[365],"product_cat":[792],"product_tag":[],"class_list":{"0":"post-55906","1":"product","2":"type-product","3":"status-publish","4":"has-post-thumbnail","6":"product_brand-dr-boehm","7":"product_cat-d","8":"pa_packungsgroesse-60-stueck","10":"first","11":"instock","12":"shipping-taxable","13":"purchasable","14":"product-type-simple"},"acf":[],"_links":{"self":[{"href":"https:\/\/www.ernstbrunn-apotheke.at\/katalog\/wp-json\/wp\/v2\/product\/55906","targetHints":{"allow":["GET"]}}],"collection":[{"href":"https:\/\/www.ernstbrunn-apotheke.at\/katalog\/wp-json\/wp\/v2\/product"}],"about":[{"href":"https:\/\/www.ernstbrunn-apotheke.at\/katalog\/wp-json\/wp\/v2\/types\/product"}],"wp:featuredmedia":[{"embeddable":true,"href":"https:\/\/www.ernstbrunn-apotheke.at\/katalog\/wp-json\/wp\/v2\/media\/55908"}],"wp:attachment":[{"href":"https:\/\/www.ernstbrunn-apotheke.at\/katalog\/wp-json\/wp\/v2\/media?parent=55906"}],"wp:term":[{"taxonomy":"product_brand","embeddable":true,"href":"https:\/\/www.ernstbrunn-apotheke.at\/katalog\/wp-json\/wp\/v2\/product_brand?post=55906"},{"taxonomy":"product_cat","embeddable":true,"href":"https:\/\/www.ernstbrunn-apotheke.at\/katalog\/wp-json\/wp\/v2\/product_cat?post=55906"},{"taxonomy":"product_tag","embeddable":true,"href":"https:\/\/www.ernstbrunn-apotheke.at\/katalog\/wp-json\/wp\/v2\/product_tag?post=55906"}],"curies":[{"name":"wp","href":"https:\/\/api.w.org\/{rel}","templated":true}]}}