{"id":55896,"date":"2025-11-10T20:38:07","date_gmt":"2025-11-10T19:38:07","guid":{"rendered":"https:\/\/www.ernstbrunn-apotheke.at\/katalog\/produkt\/basenpulver-dr-auer\/"},"modified":"2025-12-08T17:00:54","modified_gmt":"2025-12-08T16:00:54","slug":"basenpulver-dr-auer","status":"publish","type":"product","link":"https:\/\/www.ernstbrunn-apotheke.at\/katalog\/produkt\/basenpulver-dr-auer\/","title":{"rendered":"BASENPULVER Dr. Auer"},"content":{"rendered":"<p class=\"MsoNormal\">Zur Verbesserung der Versorgung mit Mineralstoffen!<\/p>\n<p class=\"MsoNormal\">Enth\u00e4lt die Mineralstoffe Calcium, Kalium und Magnesium.Mineralstoffe sind f\u00fcr den K\u00f6rper unerl\u00e4sslich und m\u00fcssen mit der Nahrungzugef\u00fchrt werden.<\/p>\n<p class=\"MsoNormal\">Zur Unterst\u00fctzung des K\u00f6rpers f\u00fcr die Regulierung desS\u00e4ure-Basen-Haushaltes!<\/p>\n<p class=\"MsoNormal\">Ein L\u00f6ffel t\u00e4glich tr\u00e4gt dazu bei, den S\u00e4ure-Basen-Haushaltim Lot zu halten.<\/p>\n<p class=\"MsoNormal\">selenh\u00e4ltig &#8211; natriumarm; <\/p>\n<p>Fructosefrei, Lactosefrei, mit Stevia ges\u00fc\u00dft<\/p>\n","protected":false},"excerpt":{"rendered":"<p>Zur Verbesserung der Versorgung mit Mineralstoffen! Enth\u00e4lt die Mineralstoffe Calcium, Kalium und Magnesium.Mineralstoffe sind f\u00fcr den K\u00f6rper unerl\u00e4sslich und m\u00fcssen mit der Nahrungzugef\u00fchrt werden. Zur Unterst\u00fctzung des K\u00f6rpers f\u00fcr die Regulierung desS\u00e4ure-Basen-Haushaltes! Ein L\u00f6ffel t\u00e4glich tr\u00e4gt dazu bei, den S\u00e4ure-Basen-Haushaltim Lot zu halten. selenh\u00e4ltig &#8211; natriumarm; Fructosefrei, Lactosefrei, mit Stevia ges\u00fc\u00dft<\/p>\n","protected":false},"featured_media":55898,"template":"","meta":{"_acf_changed":false},"product_brand":[],"product_cat":[802],"product_tag":[],"class_list":{"0":"post-55896","1":"product","2":"type-product","3":"status-publish","4":"has-post-thumbnail","6":"product_cat-b","7":"pa_packungsgroesse-150g","8":"pa_packungsgroesse-450g","10":"first","11":"instock","12":"shipping-taxable","13":"purchasable","14":"product-type-simple"},"acf":[],"_links":{"self":[{"href":"https:\/\/www.ernstbrunn-apotheke.at\/katalog\/wp-json\/wp\/v2\/product\/55896","targetHints":{"allow":["GET"]}}],"collection":[{"href":"https:\/\/www.ernstbrunn-apotheke.at\/katalog\/wp-json\/wp\/v2\/product"}],"about":[{"href":"https:\/\/www.ernstbrunn-apotheke.at\/katalog\/wp-json\/wp\/v2\/types\/product"}],"wp:featuredmedia":[{"embeddable":true,"href":"https:\/\/www.ernstbrunn-apotheke.at\/katalog\/wp-json\/wp\/v2\/media\/55898"}],"wp:attachment":[{"href":"https:\/\/www.ernstbrunn-apotheke.at\/katalog\/wp-json\/wp\/v2\/media?parent=55896"}],"wp:term":[{"taxonomy":"product_brand","embeddable":true,"href":"https:\/\/www.ernstbrunn-apotheke.at\/katalog\/wp-json\/wp\/v2\/product_brand?post=55896"},{"taxonomy":"product_cat","embeddable":true,"href":"https:\/\/www.ernstbrunn-apotheke.at\/katalog\/wp-json\/wp\/v2\/product_cat?post=55896"},{"taxonomy":"product_tag","embeddable":true,"href":"https:\/\/www.ernstbrunn-apotheke.at\/katalog\/wp-json\/wp\/v2\/product_tag?post=55896"}],"curies":[{"name":"wp","href":"https:\/\/api.w.org\/{rel}","templated":true}]}}