{"id":55882,"date":"2025-11-10T20:38:07","date_gmt":"2025-11-10T19:38:07","guid":{"rendered":"https:\/\/www.ernstbrunn-apotheke.at\/katalog\/produkt\/melasan-maca-550-mg-kapseln\/"},"modified":"2025-12-08T17:00:51","modified_gmt":"2025-12-08T16:00:51","slug":"melasan-maca-550-mg-kapseln","status":"publish","type":"product","link":"https:\/\/www.ernstbrunn-apotheke.at\/katalog\/produkt\/melasan-maca-550-mg-kapseln\/","title":{"rendered":"Melasan Maca 550 mg Kapseln"},"content":{"rendered":"<p>Melasan Maca 550 mg Kapseln f\u00f6rdern das allgemeine Wohlbefinden und die physische und geistige Leistungsf\u00e4higkeit durch die Kombination der tonisierenden bioaktiven Inhaltsstoffe aus den hochwertigen pflanzlichen Extrakten von Maca (Lepidium meyenii), Ginseng (Panax ginseng), Haferkraut (Avena sativa) und Guarana (Paullinia cupana). Die Maca Wurzel ist au\u00dferdem bedeutend f\u00fcr Libido, Wechselbeschwerden und Potenz und wirkt unterst\u00fctzend beim Muskelaufbau..<\/p>\n","protected":false},"excerpt":{"rendered":"<p>Melasan Maca 550 mg Kapseln f\u00f6rdern das allgemeine Wohlbefinden und die physische und geistige Leistungsf\u00e4higkeit durch die Kombination der tonisierenden bioaktiven Inhaltsstoffe aus den hochwertigen pflanzlichen Extrakten von Maca (Lepidium meyenii), Ginseng (Panax ginseng), Haferkraut (Avena sativa) und Guarana (Paullinia cupana). Die Maca Wurzel ist au\u00dferdem bedeutend f\u00fcr Libido, Wechselbeschwerden und Potenz und wirkt unterst\u00fctzend [&hellip;]<\/p>\n","protected":false},"featured_media":55884,"template":"","meta":{"_acf_changed":false},"product_brand":[373],"product_cat":[800],"product_tag":[],"class_list":{"0":"post-55882","1":"product","2":"type-product","3":"status-publish","4":"has-post-thumbnail","6":"product_brand-melasan","7":"product_cat-m","8":"pa_packungsgroesse-180-stueck","10":"first","11":"instock","12":"shipping-taxable","13":"purchasable","14":"product-type-simple"},"acf":[],"_links":{"self":[{"href":"https:\/\/www.ernstbrunn-apotheke.at\/katalog\/wp-json\/wp\/v2\/product\/55882","targetHints":{"allow":["GET"]}}],"collection":[{"href":"https:\/\/www.ernstbrunn-apotheke.at\/katalog\/wp-json\/wp\/v2\/product"}],"about":[{"href":"https:\/\/www.ernstbrunn-apotheke.at\/katalog\/wp-json\/wp\/v2\/types\/product"}],"wp:featuredmedia":[{"embeddable":true,"href":"https:\/\/www.ernstbrunn-apotheke.at\/katalog\/wp-json\/wp\/v2\/media\/55884"}],"wp:attachment":[{"href":"https:\/\/www.ernstbrunn-apotheke.at\/katalog\/wp-json\/wp\/v2\/media?parent=55882"}],"wp:term":[{"taxonomy":"product_brand","embeddable":true,"href":"https:\/\/www.ernstbrunn-apotheke.at\/katalog\/wp-json\/wp\/v2\/product_brand?post=55882"},{"taxonomy":"product_cat","embeddable":true,"href":"https:\/\/www.ernstbrunn-apotheke.at\/katalog\/wp-json\/wp\/v2\/product_cat?post=55882"},{"taxonomy":"product_tag","embeddable":true,"href":"https:\/\/www.ernstbrunn-apotheke.at\/katalog\/wp-json\/wp\/v2\/product_tag?post=55882"}],"curies":[{"name":"wp","href":"https:\/\/api.w.org\/{rel}","templated":true}]}}