{"id":55843,"date":"2025-11-10T20:37:16","date_gmt":"2025-11-10T19:37:16","guid":{"rendered":"https:\/\/www.ernstbrunn-apotheke.at\/katalog\/produkt\/thorne-research-selenomethionine-kapseln-60-stk\/"},"modified":"2025-12-08T17:00:39","modified_gmt":"2025-12-08T16:00:39","slug":"thorne-research-selenomethionine-kapseln-60-stk","status":"publish","type":"product","link":"https:\/\/www.ernstbrunn-apotheke.at\/katalog\/produkt\/thorne-research-selenomethionine-kapseln-60-stk\/","title":{"rendered":"Thorne Research Selenomethionine Kapseln 60 Stk."},"content":{"rendered":"<p>Thorne Research Selenomethionine Kapseln 60 Stk. enthalten 200 mcg gut bioverf\u00fcgbares aminos\u00e4uregebundenes Selen, welches zum Schutz der K\u00f6rperzellbestandteile vor oxidativen Sch\u00e4den, zur normalen Funktion des Immunsystems und zur normalen Schilddr\u00fcsenfunktion beitr\u00e4gt. Es tr\u00e4gt au\u00dferdem zur normalen Spermatogenese und zum Erhalt von normalen Haaren und N\u00e4geln bei.<\/p>\n","protected":false},"excerpt":{"rendered":"<p>Thorne Research Selenomethionine Kapseln 60 Stk. enthalten 200 mcg gut bioverf\u00fcgbares aminos\u00e4uregebundenes Selen, welches zum Schutz der K\u00f6rperzellbestandteile vor oxidativen Sch\u00e4den, zur normalen Funktion des Immunsystems und zur normalen Schilddr\u00fcsenfunktion beitr\u00e4gt. Es tr\u00e4gt au\u00dferdem zur normalen Spermatogenese und zum Erhalt von normalen Haaren und N\u00e4geln bei.<\/p>\n","protected":false},"featured_media":55845,"template":"","meta":{"_acf_changed":false},"product_brand":[],"product_cat":[798],"product_tag":[],"class_list":{"0":"post-55843","1":"product","2":"type-product","3":"status-publish","4":"has-post-thumbnail","6":"product_cat-t","7":"pa_packungsgroesse-60-stueck","9":"first","10":"instock","11":"shipping-taxable","12":"purchasable","13":"product-type-simple"},"acf":[],"_links":{"self":[{"href":"https:\/\/www.ernstbrunn-apotheke.at\/katalog\/wp-json\/wp\/v2\/product\/55843","targetHints":{"allow":["GET"]}}],"collection":[{"href":"https:\/\/www.ernstbrunn-apotheke.at\/katalog\/wp-json\/wp\/v2\/product"}],"about":[{"href":"https:\/\/www.ernstbrunn-apotheke.at\/katalog\/wp-json\/wp\/v2\/types\/product"}],"wp:featuredmedia":[{"embeddable":true,"href":"https:\/\/www.ernstbrunn-apotheke.at\/katalog\/wp-json\/wp\/v2\/media\/55845"}],"wp:attachment":[{"href":"https:\/\/www.ernstbrunn-apotheke.at\/katalog\/wp-json\/wp\/v2\/media?parent=55843"}],"wp:term":[{"taxonomy":"product_brand","embeddable":true,"href":"https:\/\/www.ernstbrunn-apotheke.at\/katalog\/wp-json\/wp\/v2\/product_brand?post=55843"},{"taxonomy":"product_cat","embeddable":true,"href":"https:\/\/www.ernstbrunn-apotheke.at\/katalog\/wp-json\/wp\/v2\/product_cat?post=55843"},{"taxonomy":"product_tag","embeddable":true,"href":"https:\/\/www.ernstbrunn-apotheke.at\/katalog\/wp-json\/wp\/v2\/product_tag?post=55843"}],"curies":[{"name":"wp","href":"https:\/\/api.w.org\/{rel}","templated":true}]}}