{"id":55727,"date":"2025-11-10T20:35:04","date_gmt":"2025-11-10T19:35:04","guid":{"rendered":"https:\/\/www.ernstbrunn-apotheke.at\/katalog\/produkt\/calciumorotat-kapseln\/"},"modified":"2025-12-08T17:00:14","modified_gmt":"2025-12-08T16:00:14","slug":"calciumorotat-kapseln","status":"publish","type":"product","link":"https:\/\/www.ernstbrunn-apotheke.at\/katalog\/produkt\/calciumorotat-kapseln\/","title":{"rendered":"Calciumorotat Kapseln"},"content":{"rendered":"<p>Gall Pharma Calciumorotat Kapseln enthalten 52 mg Calcium in Form von gutverwertbarem Calciumorotat in einer Hartgelatinekapsel. Ein Mangel an diesem Mineralstoff kann sich beispielsweise in Osteoporose, Herzrhythmusst\u00f6rungen, gest\u00f6rte Blutgerinnung und Muskelkr\u00e4mpfen \u00e4u\u00dfern. Auch br\u00fcchige N\u00e4gel oder nachlassende Spannkraft der Haut k\u00f6nnen auf einen erh\u00f6hten Calciumbedarf hinweisen.<\/p>\n","protected":false},"excerpt":{"rendered":"<p>Gall Pharma Calciumorotat Kapseln enthalten 52 mg Calcium in Form von gutverwertbarem Calciumorotat in einer Hartgelatinekapsel. Ein Mangel an diesem Mineralstoff kann sich beispielsweise in Osteoporose, Herzrhythmusst\u00f6rungen, gest\u00f6rte Blutgerinnung und Muskelkr\u00e4mpfen \u00e4u\u00dfern. Auch br\u00fcchige N\u00e4gel oder nachlassende Spannkraft der Haut k\u00f6nnen auf einen erh\u00f6hten Calciumbedarf hinweisen.<\/p>\n","protected":false},"featured_media":55729,"template":"","meta":{"_acf_changed":false},"product_brand":[371],"product_cat":[812],"product_tag":[],"class_list":{"0":"post-55727","1":"product","2":"type-product","3":"status-publish","4":"has-post-thumbnail","6":"product_brand-gall-pharma","7":"product_cat-c","8":"pa_packungsgroesse-50-stueck","10":"first","11":"instock","12":"shipping-taxable","13":"purchasable","14":"product-type-simple"},"acf":[],"_links":{"self":[{"href":"https:\/\/www.ernstbrunn-apotheke.at\/katalog\/wp-json\/wp\/v2\/product\/55727","targetHints":{"allow":["GET"]}}],"collection":[{"href":"https:\/\/www.ernstbrunn-apotheke.at\/katalog\/wp-json\/wp\/v2\/product"}],"about":[{"href":"https:\/\/www.ernstbrunn-apotheke.at\/katalog\/wp-json\/wp\/v2\/types\/product"}],"wp:featuredmedia":[{"embeddable":true,"href":"https:\/\/www.ernstbrunn-apotheke.at\/katalog\/wp-json\/wp\/v2\/media\/55729"}],"wp:attachment":[{"href":"https:\/\/www.ernstbrunn-apotheke.at\/katalog\/wp-json\/wp\/v2\/media?parent=55727"}],"wp:term":[{"taxonomy":"product_brand","embeddable":true,"href":"https:\/\/www.ernstbrunn-apotheke.at\/katalog\/wp-json\/wp\/v2\/product_brand?post=55727"},{"taxonomy":"product_cat","embeddable":true,"href":"https:\/\/www.ernstbrunn-apotheke.at\/katalog\/wp-json\/wp\/v2\/product_cat?post=55727"},{"taxonomy":"product_tag","embeddable":true,"href":"https:\/\/www.ernstbrunn-apotheke.at\/katalog\/wp-json\/wp\/v2\/product_tag?post=55727"}],"curies":[{"name":"wp","href":"https:\/\/api.w.org\/{rel}","templated":true}]}}